{"id":12986,"date":"2026-03-13T16:31:05","date_gmt":"2026-03-13T16:31:05","guid":{"rendered":"https:\/\/letempsjadisauction.com\/?post_type=product&#038;p=12986"},"modified":"2026-03-29T17:50:02","modified_gmt":"2026-03-29T17:50:02","slug":"165-travail-du-xve-siecle-statue-dun-eveque-en-pierre-calcaire","status":"publish","type":"product","link":"https:\/\/letempsjadisauction.com\/en\/auction\/165-travail-du-xve-siecle-statue-dun-eveque-en-pierre-calcaire\/","title":{"rendered":"165. Travail du XV-XVIe si\u00e8cle, statue d&rsquo;un \u00e9v\u00eaque en pierre calcaire"},"content":{"rendered":"<p>Travail du XV-XVIe si\u00e8cle, statue d&rsquo;un \u00e9v\u00eaque en pierre calcaire, reste de polychromie, 110 cm<\/p>","protected":false},"excerpt":{"rendered":"<p>Travail du XV-XVIe si\u00e8cle, statue d&rsquo;un \u00e9v\u00eaque en pierre calcaire<\/p>","protected":false},"featured_media":12995,"template":"","meta":{"_acf_changed":false,"inline_featured_image":false},"online_sale":[72],"product_brand":[],"product_cat":[18],"product_tag":[],"class_list":{"0":"post-12986","1":"product","2":"type-product","3":"status-publish","4":"has-post-thumbnail","6":"online_sale-mars-2026","7":"product_cat-non-classe","9":"first","10":"instock","11":"shipping-taxable","12":"purchasable","13":"product-type-auction"},"acf":[],"_links":{"self":[{"href":"https:\/\/letempsjadisauction.com\/en\/wp-json\/wp\/v2\/product\/12986","targetHints":{"allow":["GET"]}}],"collection":[{"href":"https:\/\/letempsjadisauction.com\/en\/wp-json\/wp\/v2\/product"}],"about":[{"href":"https:\/\/letempsjadisauction.com\/en\/wp-json\/wp\/v2\/types\/product"}],"wp:featuredmedia":[{"embeddable":true,"href":"https:\/\/letempsjadisauction.com\/en\/wp-json\/wp\/v2\/media\/12995"}],"wp:attachment":[{"href":"https:\/\/letempsjadisauction.com\/en\/wp-json\/wp\/v2\/media?parent=12986"}],"wp:term":[{"taxonomy":"online_sale","embeddable":true,"href":"https:\/\/letempsjadisauction.com\/en\/wp-json\/wp\/v2\/online_sale?post=12986"},{"taxonomy":"product_brand","embeddable":true,"href":"https:\/\/letempsjadisauction.com\/en\/wp-json\/wp\/v2\/product_brand?post=12986"},{"taxonomy":"product_cat","embeddable":true,"href":"https:\/\/letempsjadisauction.com\/en\/wp-json\/wp\/v2\/product_cat?post=12986"},{"taxonomy":"product_tag","embeddable":true,"href":"https:\/\/letempsjadisauction.com\/en\/wp-json\/wp\/v2\/product_tag?post=12986"}],"curies":[{"name":"wp","href":"https:\/\/api.w.org\/{rel}","templated":true}]}}