{"id":12988,"date":"2026-03-13T16:23:48","date_gmt":"2026-03-13T16:23:48","guid":{"rendered":"https:\/\/letempsjadisauction.com\/?post_type=product&#038;p=12988"},"modified":"2026-03-29T17:54:24","modified_gmt":"2026-03-29T17:54:24","slug":"167-travail-du-xv-xvie-siecle-statue-dun-saint-en-pierre-calcaire","status":"publish","type":"product","link":"https:\/\/letempsjadisauction.com\/en\/auction\/167-travail-du-xv-xvie-siecle-statue-dun-saint-en-pierre-calcaire\/","title":{"rendered":"167. Travail du XV-XVIe si\u00e8cle, statue repr\u00e9sentant Saint Nicolas en pierre calcaire"},"content":{"rendered":"<p>Travail du XV-XVIe si\u00e8cle, statue repr\u00e9sentant Saint Nicolas en pierre calcaire, 96 cm<\/p>","protected":false},"excerpt":{"rendered":"<p>Travail du XV-XVIe si\u00e8cle, statue repr\u00e9sentant Saint Nicolas en pierre calcaire<\/p>","protected":false},"featured_media":12992,"template":"","meta":{"_acf_changed":false,"inline_featured_image":false},"online_sale":[72],"product_brand":[],"product_cat":[18],"product_tag":[],"class_list":{"0":"post-12988","1":"product","2":"type-product","3":"status-publish","4":"has-post-thumbnail","6":"online_sale-mars-2026","7":"product_cat-non-classe","9":"first","10":"instock","11":"shipping-taxable","12":"purchasable","13":"product-type-auction"},"acf":[],"_links":{"self":[{"href":"https:\/\/letempsjadisauction.com\/en\/wp-json\/wp\/v2\/product\/12988","targetHints":{"allow":["GET"]}}],"collection":[{"href":"https:\/\/letempsjadisauction.com\/en\/wp-json\/wp\/v2\/product"}],"about":[{"href":"https:\/\/letempsjadisauction.com\/en\/wp-json\/wp\/v2\/types\/product"}],"wp:featuredmedia":[{"embeddable":true,"href":"https:\/\/letempsjadisauction.com\/en\/wp-json\/wp\/v2\/media\/12992"}],"wp:attachment":[{"href":"https:\/\/letempsjadisauction.com\/en\/wp-json\/wp\/v2\/media?parent=12988"}],"wp:term":[{"taxonomy":"online_sale","embeddable":true,"href":"https:\/\/letempsjadisauction.com\/en\/wp-json\/wp\/v2\/online_sale?post=12988"},{"taxonomy":"product_brand","embeddable":true,"href":"https:\/\/letempsjadisauction.com\/en\/wp-json\/wp\/v2\/product_brand?post=12988"},{"taxonomy":"product_cat","embeddable":true,"href":"https:\/\/letempsjadisauction.com\/en\/wp-json\/wp\/v2\/product_cat?post=12988"},{"taxonomy":"product_tag","embeddable":true,"href":"https:\/\/letempsjadisauction.com\/en\/wp-json\/wp\/v2\/product_tag?post=12988"}],"curies":[{"name":"wp","href":"https:\/\/api.w.org\/{rel}","templated":true}]}}