{"id":13042,"date":"2026-03-15T09:18:11","date_gmt":"2026-03-15T09:18:11","guid":{"rendered":"https:\/\/letempsjadisauction.com\/?post_type=product&#038;p=13042"},"modified":"2026-03-29T18:28:51","modified_gmt":"2026-03-29T18:28:51","slug":"184-val-saint-lambert-lot-de-six-verres-colores-modele-anvers","status":"publish","type":"product","link":"https:\/\/letempsjadisauction.com\/en\/auction\/184-val-saint-lambert-lot-de-six-verres-colores-modele-anvers\/","title":{"rendered":"184. Val Saint Lambert, lot de six verres color\u00e9s mod\u00e8le anvers"},"content":{"rendered":"<p>Val Saint Lambert, lot de six verres color\u00e9s mod\u00e8le anvers<\/p>","protected":false},"excerpt":{"rendered":"<p>Val Saint Lambert, lot de six verres color\u00e9s mod\u00e8le anvers<\/p>","protected":false},"featured_media":13072,"template":"","meta":{"_acf_changed":false,"inline_featured_image":false},"online_sale":[72],"product_brand":[],"product_cat":[18],"product_tag":[],"class_list":{"0":"post-13042","1":"product","2":"type-product","3":"status-publish","4":"has-post-thumbnail","6":"online_sale-mars-2026","7":"product_cat-non-classe","9":"first","10":"instock","11":"shipping-taxable","12":"purchasable","13":"product-type-auction"},"acf":[],"_links":{"self":[{"href":"https:\/\/letempsjadisauction.com\/en\/wp-json\/wp\/v2\/product\/13042","targetHints":{"allow":["GET"]}}],"collection":[{"href":"https:\/\/letempsjadisauction.com\/en\/wp-json\/wp\/v2\/product"}],"about":[{"href":"https:\/\/letempsjadisauction.com\/en\/wp-json\/wp\/v2\/types\/product"}],"wp:featuredmedia":[{"embeddable":true,"href":"https:\/\/letempsjadisauction.com\/en\/wp-json\/wp\/v2\/media\/13072"}],"wp:attachment":[{"href":"https:\/\/letempsjadisauction.com\/en\/wp-json\/wp\/v2\/media?parent=13042"}],"wp:term":[{"taxonomy":"online_sale","embeddable":true,"href":"https:\/\/letempsjadisauction.com\/en\/wp-json\/wp\/v2\/online_sale?post=13042"},{"taxonomy":"product_brand","embeddable":true,"href":"https:\/\/letempsjadisauction.com\/en\/wp-json\/wp\/v2\/product_brand?post=13042"},{"taxonomy":"product_cat","embeddable":true,"href":"https:\/\/letempsjadisauction.com\/en\/wp-json\/wp\/v2\/product_cat?post=13042"},{"taxonomy":"product_tag","embeddable":true,"href":"https:\/\/letempsjadisauction.com\/en\/wp-json\/wp\/v2\/product_tag?post=13042"}],"curies":[{"name":"wp","href":"https:\/\/api.w.org\/{rel}","templated":true}]}}