{"id":13084,"date":"2026-03-15T11:38:18","date_gmt":"2026-03-15T11:38:18","guid":{"rendered":"https:\/\/letempsjadisauction.com\/?post_type=product&#038;p=13084"},"modified":"2026-03-29T15:34:21","modified_gmt":"2026-03-29T15:34:21","slug":"107-venus-et-cupidon-bronze-patine-medaille-estampille-av","status":"publish","type":"product","link":"https:\/\/letempsjadisauction.com\/en\/auction\/107-venus-et-cupidon-bronze-patine-medaille-estampille-av\/","title":{"rendered":"107. V\u00e9nus et Cupidon, bronze patine m\u00e9daille, estampille AV"},"content":{"rendered":"<p>V\u00e9nus et Cupidon, bronze patine m\u00e9daille, estampille AV \u00e0 l&rsquo;arri\u00e8re, 41 \u00d7 18 cm<\/p>","protected":false},"excerpt":{"rendered":"<p>V\u00e9nus et Cupidon, bronze patine m\u00e9daille, estampille AV \u00e0 l&rsquo;arri\u00e8re, 41 \u00d7 18 cm<\/p>","protected":false},"featured_media":13122,"template":"","meta":{"_acf_changed":false,"inline_featured_image":false},"online_sale":[72],"product_brand":[],"product_cat":[18],"product_tag":[],"class_list":{"0":"post-13084","1":"product","2":"type-product","3":"status-publish","4":"has-post-thumbnail","6":"online_sale-mars-2026","7":"product_cat-non-classe","9":"first","10":"instock","11":"shipping-taxable","12":"purchasable","13":"product-type-auction"},"acf":[],"_links":{"self":[{"href":"https:\/\/letempsjadisauction.com\/en\/wp-json\/wp\/v2\/product\/13084","targetHints":{"allow":["GET"]}}],"collection":[{"href":"https:\/\/letempsjadisauction.com\/en\/wp-json\/wp\/v2\/product"}],"about":[{"href":"https:\/\/letempsjadisauction.com\/en\/wp-json\/wp\/v2\/types\/product"}],"wp:featuredmedia":[{"embeddable":true,"href":"https:\/\/letempsjadisauction.com\/en\/wp-json\/wp\/v2\/media\/13122"}],"wp:attachment":[{"href":"https:\/\/letempsjadisauction.com\/en\/wp-json\/wp\/v2\/media?parent=13084"}],"wp:term":[{"taxonomy":"online_sale","embeddable":true,"href":"https:\/\/letempsjadisauction.com\/en\/wp-json\/wp\/v2\/online_sale?post=13084"},{"taxonomy":"product_brand","embeddable":true,"href":"https:\/\/letempsjadisauction.com\/en\/wp-json\/wp\/v2\/product_brand?post=13084"},{"taxonomy":"product_cat","embeddable":true,"href":"https:\/\/letempsjadisauction.com\/en\/wp-json\/wp\/v2\/product_cat?post=13084"},{"taxonomy":"product_tag","embeddable":true,"href":"https:\/\/letempsjadisauction.com\/en\/wp-json\/wp\/v2\/product_tag?post=13084"}],"curies":[{"name":"wp","href":"https:\/\/api.w.org\/{rel}","templated":true}]}}