{"id":13203,"date":"2026-03-15T18:33:51","date_gmt":"2026-03-15T18:33:51","guid":{"rendered":"https:\/\/letempsjadisauction.com\/?post_type=product&#038;p=13203"},"modified":"2026-03-29T15:28:01","modified_gmt":"2026-03-29T15:28:01","slug":"104-statue-buste-en-bronze-de-personnage-antique-probablement-demosthene","status":"publish","type":"product","link":"https:\/\/letempsjadisauction.com\/en\/auction\/104-statue-buste-en-bronze-de-personnage-antique-probablement-demosthene\/","title":{"rendered":"104. Statue buste en bronze de personnage antique, probablement D\u00e9mosth\u00e8ne"},"content":{"rendered":"<p>Statue buste en bronze de personnage antique, probablement D\u00e9mosth\u00e8ne<\/p>","protected":false},"excerpt":{"rendered":"<p>Statue buste en bronze de personnage antique, probablement D\u00e9mosth\u00e8ne<\/p>","protected":false},"featured_media":13210,"template":"","meta":{"_acf_changed":false,"inline_featured_image":false},"online_sale":[72],"product_brand":[],"product_cat":[18],"product_tag":[],"class_list":{"0":"post-13203","1":"product","2":"type-product","3":"status-publish","4":"has-post-thumbnail","6":"online_sale-mars-2026","7":"product_cat-non-classe","9":"first","10":"instock","11":"shipping-taxable","12":"purchasable","13":"product-type-auction"},"acf":[],"_links":{"self":[{"href":"https:\/\/letempsjadisauction.com\/en\/wp-json\/wp\/v2\/product\/13203","targetHints":{"allow":["GET"]}}],"collection":[{"href":"https:\/\/letempsjadisauction.com\/en\/wp-json\/wp\/v2\/product"}],"about":[{"href":"https:\/\/letempsjadisauction.com\/en\/wp-json\/wp\/v2\/types\/product"}],"wp:featuredmedia":[{"embeddable":true,"href":"https:\/\/letempsjadisauction.com\/en\/wp-json\/wp\/v2\/media\/13210"}],"wp:attachment":[{"href":"https:\/\/letempsjadisauction.com\/en\/wp-json\/wp\/v2\/media?parent=13203"}],"wp:term":[{"taxonomy":"online_sale","embeddable":true,"href":"https:\/\/letempsjadisauction.com\/en\/wp-json\/wp\/v2\/online_sale?post=13203"},{"taxonomy":"product_brand","embeddable":true,"href":"https:\/\/letempsjadisauction.com\/en\/wp-json\/wp\/v2\/product_brand?post=13203"},{"taxonomy":"product_cat","embeddable":true,"href":"https:\/\/letempsjadisauction.com\/en\/wp-json\/wp\/v2\/product_cat?post=13203"},{"taxonomy":"product_tag","embeddable":true,"href":"https:\/\/letempsjadisauction.com\/en\/wp-json\/wp\/v2\/product_tag?post=13203"}],"curies":[{"name":"wp","href":"https:\/\/api.w.org\/{rel}","templated":true}]}}