{"id":13237,"date":"2026-03-18T21:29:54","date_gmt":"2026-03-18T21:29:54","guid":{"rendered":"https:\/\/letempsjadisauction.com\/?post_type=product&#038;p=13237"},"modified":"2026-03-29T16:34:01","modified_gmt":"2026-03-29T16:34:01","slug":"137-val-saint-lambert-coupe-moulee-a-decors-doiseaux","status":"publish","type":"product","link":"https:\/\/letempsjadisauction.com\/en\/auction\/137-val-saint-lambert-coupe-moulee-a-decors-doiseaux\/","title":{"rendered":"137. Val Saint Lambert, coupe moul\u00e9e \u00e0 d\u00e9cors d&rsquo;oiseaux"},"content":{"rendered":"<p>Val Saint Lambert, coupe moul\u00e9e \u00e0 d\u00e9cors d&rsquo;oiseaux, 30 x 29 48 x 59<\/p>","protected":false},"excerpt":{"rendered":"<p>Val Saint Lambert, coupe moul\u00e9e \u00e0 d\u00e9cors d&rsquo;oiseaux<\/p>","protected":false},"featured_media":13296,"template":"","meta":{"_acf_changed":false,"inline_featured_image":false},"online_sale":[72],"product_brand":[],"product_cat":[18],"product_tag":[],"class_list":{"0":"post-13237","1":"product","2":"type-product","3":"status-publish","4":"has-post-thumbnail","6":"online_sale-mars-2026","7":"product_cat-non-classe","9":"first","10":"instock","11":"shipping-taxable","12":"purchasable","13":"product-type-auction"},"acf":[],"_links":{"self":[{"href":"https:\/\/letempsjadisauction.com\/en\/wp-json\/wp\/v2\/product\/13237","targetHints":{"allow":["GET"]}}],"collection":[{"href":"https:\/\/letempsjadisauction.com\/en\/wp-json\/wp\/v2\/product"}],"about":[{"href":"https:\/\/letempsjadisauction.com\/en\/wp-json\/wp\/v2\/types\/product"}],"wp:featuredmedia":[{"embeddable":true,"href":"https:\/\/letempsjadisauction.com\/en\/wp-json\/wp\/v2\/media\/13296"}],"wp:attachment":[{"href":"https:\/\/letempsjadisauction.com\/en\/wp-json\/wp\/v2\/media?parent=13237"}],"wp:term":[{"taxonomy":"online_sale","embeddable":true,"href":"https:\/\/letempsjadisauction.com\/en\/wp-json\/wp\/v2\/online_sale?post=13237"},{"taxonomy":"product_brand","embeddable":true,"href":"https:\/\/letempsjadisauction.com\/en\/wp-json\/wp\/v2\/product_brand?post=13237"},{"taxonomy":"product_cat","embeddable":true,"href":"https:\/\/letempsjadisauction.com\/en\/wp-json\/wp\/v2\/product_cat?post=13237"},{"taxonomy":"product_tag","embeddable":true,"href":"https:\/\/letempsjadisauction.com\/en\/wp-json\/wp\/v2\/product_tag?post=13237"}],"curies":[{"name":"wp","href":"https:\/\/api.w.org\/{rel}","templated":true}]}}