{"id":13239,"date":"2026-03-18T21:31:10","date_gmt":"2026-03-18T21:31:10","guid":{"rendered":"https:\/\/letempsjadisauction.com\/?post_type=product&#038;p=13239"},"modified":"2026-03-29T16:38:02","modified_gmt":"2026-03-29T16:38:02","slug":"139-sitzendorf-vase-en-porcelaine-a-decors-de-trois-angelots","status":"publish","type":"product","link":"https:\/\/letempsjadisauction.com\/en\/auction\/139-sitzendorf-vase-en-porcelaine-a-decors-de-trois-angelots\/","title":{"rendered":"139. Sitzendorf, vase en porcelaine \u00e0 d\u00e9cors de trois angelots"},"content":{"rendered":"<p>Sitzendorf, vase en porcelaine \u00e0 d\u00e9cors de trois angelots, h. 40 cm<\/p>","protected":false},"excerpt":{"rendered":"<p>Sitzendorf, vase en porcelaine \u00e0 d\u00e9cors de trois angelots<\/p>","protected":false},"featured_media":13297,"template":"","meta":{"_acf_changed":false,"inline_featured_image":false},"online_sale":[72],"product_brand":[],"product_cat":[18],"product_tag":[],"class_list":{"0":"post-13239","1":"product","2":"type-product","3":"status-publish","4":"has-post-thumbnail","6":"online_sale-mars-2026","7":"product_cat-non-classe","9":"first","10":"instock","11":"shipping-taxable","12":"purchasable","13":"product-type-auction"},"acf":[],"_links":{"self":[{"href":"https:\/\/letempsjadisauction.com\/en\/wp-json\/wp\/v2\/product\/13239","targetHints":{"allow":["GET"]}}],"collection":[{"href":"https:\/\/letempsjadisauction.com\/en\/wp-json\/wp\/v2\/product"}],"about":[{"href":"https:\/\/letempsjadisauction.com\/en\/wp-json\/wp\/v2\/types\/product"}],"wp:featuredmedia":[{"embeddable":true,"href":"https:\/\/letempsjadisauction.com\/en\/wp-json\/wp\/v2\/media\/13297"}],"wp:attachment":[{"href":"https:\/\/letempsjadisauction.com\/en\/wp-json\/wp\/v2\/media?parent=13239"}],"wp:term":[{"taxonomy":"online_sale","embeddable":true,"href":"https:\/\/letempsjadisauction.com\/en\/wp-json\/wp\/v2\/online_sale?post=13239"},{"taxonomy":"product_brand","embeddable":true,"href":"https:\/\/letempsjadisauction.com\/en\/wp-json\/wp\/v2\/product_brand?post=13239"},{"taxonomy":"product_cat","embeddable":true,"href":"https:\/\/letempsjadisauction.com\/en\/wp-json\/wp\/v2\/product_cat?post=13239"},{"taxonomy":"product_tag","embeddable":true,"href":"https:\/\/letempsjadisauction.com\/en\/wp-json\/wp\/v2\/product_tag?post=13239"}],"curies":[{"name":"wp","href":"https:\/\/api.w.org\/{rel}","templated":true}]}}