{"id":13241,"date":"2026-03-18T21:35:17","date_gmt":"2026-03-18T21:35:17","guid":{"rendered":"https:\/\/letempsjadisauction.com\/?post_type=product&#038;p=13241"},"modified":"2026-03-29T16:44:20","modified_gmt":"2026-03-29T16:44:20","slug":"142-dresden-coupe-ajouree-a-decor-floral","status":"publish","type":"product","link":"https:\/\/letempsjadisauction.com\/en\/auction\/142-dresden-coupe-ajouree-a-decor-floral\/","title":{"rendered":"142. Dresden, coupe ajour\u00e9e \u00e0 d\u00e9cor floral"},"content":{"rendered":"<p>Dresden, coupe ajour\u00e9e \u00e0 d\u00e9cor floral, h. 21 cm<\/p>","protected":false},"excerpt":{"rendered":"<p>Dresden, coupe ajour\u00e9e \u00e0 d\u00e9cor floral<\/p>","protected":false},"featured_media":13300,"template":"","meta":{"_acf_changed":false,"inline_featured_image":false},"online_sale":[72],"product_brand":[],"product_cat":[18],"product_tag":[],"class_list":{"0":"post-13241","1":"product","2":"type-product","3":"status-publish","4":"has-post-thumbnail","6":"online_sale-mars-2026","7":"product_cat-non-classe","9":"first","10":"instock","11":"shipping-taxable","12":"purchasable","13":"product-type-auction"},"acf":[],"_links":{"self":[{"href":"https:\/\/letempsjadisauction.com\/en\/wp-json\/wp\/v2\/product\/13241","targetHints":{"allow":["GET"]}}],"collection":[{"href":"https:\/\/letempsjadisauction.com\/en\/wp-json\/wp\/v2\/product"}],"about":[{"href":"https:\/\/letempsjadisauction.com\/en\/wp-json\/wp\/v2\/types\/product"}],"wp:featuredmedia":[{"embeddable":true,"href":"https:\/\/letempsjadisauction.com\/en\/wp-json\/wp\/v2\/media\/13300"}],"wp:attachment":[{"href":"https:\/\/letempsjadisauction.com\/en\/wp-json\/wp\/v2\/media?parent=13241"}],"wp:term":[{"taxonomy":"online_sale","embeddable":true,"href":"https:\/\/letempsjadisauction.com\/en\/wp-json\/wp\/v2\/online_sale?post=13241"},{"taxonomy":"product_brand","embeddable":true,"href":"https:\/\/letempsjadisauction.com\/en\/wp-json\/wp\/v2\/product_brand?post=13241"},{"taxonomy":"product_cat","embeddable":true,"href":"https:\/\/letempsjadisauction.com\/en\/wp-json\/wp\/v2\/product_cat?post=13241"},{"taxonomy":"product_tag","embeddable":true,"href":"https:\/\/letempsjadisauction.com\/en\/wp-json\/wp\/v2\/product_tag?post=13241"}],"curies":[{"name":"wp","href":"https:\/\/api.w.org\/{rel}","templated":true}]}}