{"id":13248,"date":"2026-03-19T17:47:34","date_gmt":"2026-03-19T17:47:34","guid":{"rendered":"https:\/\/letempsjadisauction.com\/?post_type=product&#038;p=13248"},"modified":"2026-03-29T17:58:04","modified_gmt":"2026-03-29T17:58:04","slug":"169-ecole-francaise-violon-et-son-archet","status":"publish","type":"product","link":"https:\/\/letempsjadisauction.com\/en\/auction\/169-ecole-francaise-violon-et-son-archet\/","title":{"rendered":"169. \u00c9cole fran\u00e7aise, violon et son archet"},"content":{"rendered":"<p>\u00c9cole fran\u00e7aise, violon et son archet, fin 18e &#8211; d\u00e9but 19e, estampille Mansuy<\/p>","protected":false},"excerpt":{"rendered":"<p>\u00c9cole fran\u00e7aise, violon et son archet<\/p>","protected":false},"featured_media":13319,"template":"","meta":{"_acf_changed":false,"inline_featured_image":false},"online_sale":[72],"product_brand":[],"product_cat":[18],"product_tag":[],"class_list":{"0":"post-13248","1":"product","2":"type-product","3":"status-publish","4":"has-post-thumbnail","6":"online_sale-mars-2026","7":"product_cat-non-classe","9":"first","10":"instock","11":"shipping-taxable","12":"purchasable","13":"product-type-auction"},"acf":[],"_links":{"self":[{"href":"https:\/\/letempsjadisauction.com\/en\/wp-json\/wp\/v2\/product\/13248","targetHints":{"allow":["GET"]}}],"collection":[{"href":"https:\/\/letempsjadisauction.com\/en\/wp-json\/wp\/v2\/product"}],"about":[{"href":"https:\/\/letempsjadisauction.com\/en\/wp-json\/wp\/v2\/types\/product"}],"wp:featuredmedia":[{"embeddable":true,"href":"https:\/\/letempsjadisauction.com\/en\/wp-json\/wp\/v2\/media\/13319"}],"wp:attachment":[{"href":"https:\/\/letempsjadisauction.com\/en\/wp-json\/wp\/v2\/media?parent=13248"}],"wp:term":[{"taxonomy":"online_sale","embeddable":true,"href":"https:\/\/letempsjadisauction.com\/en\/wp-json\/wp\/v2\/online_sale?post=13248"},{"taxonomy":"product_brand","embeddable":true,"href":"https:\/\/letempsjadisauction.com\/en\/wp-json\/wp\/v2\/product_brand?post=13248"},{"taxonomy":"product_cat","embeddable":true,"href":"https:\/\/letempsjadisauction.com\/en\/wp-json\/wp\/v2\/product_cat?post=13248"},{"taxonomy":"product_tag","embeddable":true,"href":"https:\/\/letempsjadisauction.com\/en\/wp-json\/wp\/v2\/product_tag?post=13248"}],"curies":[{"name":"wp","href":"https:\/\/api.w.org\/{rel}","templated":true}]}}