{"id":13249,"date":"2026-03-18T21:19:26","date_gmt":"2026-03-18T21:19:26","guid":{"rendered":"https:\/\/letempsjadisauction.com\/?post_type=product&#038;p=13249"},"modified":"2026-03-29T18:00:20","modified_gmt":"2026-03-29T18:00:20","slug":"170-italie-grande-vasque-a-decors-de-citrons","status":"publish","type":"product","link":"https:\/\/letempsjadisauction.com\/en\/auction\/170-italie-grande-vasque-a-decors-de-citrons\/","title":{"rendered":"170. Italie, grande vasque \u00e0 d\u00e9cors de citrons"},"content":{"rendered":"<p>Italie, grande vasque \u00e0 d\u00e9cors de citrons<\/p>","protected":false},"excerpt":{"rendered":"<p>Italie, grande vasque \u00e0 d\u00e9cors de citrons<\/p>","protected":false},"featured_media":13285,"template":"","meta":{"_acf_changed":false,"inline_featured_image":false},"online_sale":[72],"product_brand":[],"product_cat":[18],"product_tag":[],"class_list":{"0":"post-13249","1":"product","2":"type-product","3":"status-publish","4":"has-post-thumbnail","6":"online_sale-mars-2026","7":"product_cat-non-classe","9":"first","10":"instock","11":"shipping-taxable","12":"purchasable","13":"product-type-auction"},"acf":[],"_links":{"self":[{"href":"https:\/\/letempsjadisauction.com\/en\/wp-json\/wp\/v2\/product\/13249","targetHints":{"allow":["GET"]}}],"collection":[{"href":"https:\/\/letempsjadisauction.com\/en\/wp-json\/wp\/v2\/product"}],"about":[{"href":"https:\/\/letempsjadisauction.com\/en\/wp-json\/wp\/v2\/types\/product"}],"wp:featuredmedia":[{"embeddable":true,"href":"https:\/\/letempsjadisauction.com\/en\/wp-json\/wp\/v2\/media\/13285"}],"wp:attachment":[{"href":"https:\/\/letempsjadisauction.com\/en\/wp-json\/wp\/v2\/media?parent=13249"}],"wp:term":[{"taxonomy":"online_sale","embeddable":true,"href":"https:\/\/letempsjadisauction.com\/en\/wp-json\/wp\/v2\/online_sale?post=13249"},{"taxonomy":"product_brand","embeddable":true,"href":"https:\/\/letempsjadisauction.com\/en\/wp-json\/wp\/v2\/product_brand?post=13249"},{"taxonomy":"product_cat","embeddable":true,"href":"https:\/\/letempsjadisauction.com\/en\/wp-json\/wp\/v2\/product_cat?post=13249"},{"taxonomy":"product_tag","embeddable":true,"href":"https:\/\/letempsjadisauction.com\/en\/wp-json\/wp\/v2\/product_tag?post=13249"}],"curies":[{"name":"wp","href":"https:\/\/api.w.org\/{rel}","templated":true}]}}