{"id":4291,"date":"2025-06-08T17:53:44","date_gmt":"2025-06-08T17:53:44","guid":{"rendered":"https:\/\/letempsjadisauction.com\/?post_type=product&#038;p=4291"},"modified":"2025-06-26T08:20:04","modified_gmt":"2025-06-26T08:20:04","slug":"210-varta-plastique-thermometre","status":"publish","type":"product","link":"https:\/\/letempsjadisauction.com\/en\/auction\/210-varta-plastique-thermometre\/","title":{"rendered":"210 Varta plastique thermom\u00e8tre"},"content":{"rendered":"<p>Varta plastique thermom\u00e8tre 12,5&#215;51 cm, coin abim\u00e9<\/p>","protected":false},"excerpt":{"rendered":"<p>Varta plastique thermom\u00e8tre 12,5&#215;51 cm<\/p>","protected":false},"featured_media":2534,"template":"","meta":{"_acf_changed":false,"inline_featured_image":false},"online_sale":[55],"product_brand":[],"product_cat":[18],"product_tag":[],"class_list":{"0":"post-4291","1":"product","2":"type-product","3":"status-publish","4":"has-post-thumbnail","6":"online_sale-juin-2025","7":"product_cat-non-classe","9":"first","10":"instock","11":"shipping-taxable","12":"purchasable","13":"product-type-auction"},"acf":[],"_links":{"self":[{"href":"https:\/\/letempsjadisauction.com\/en\/wp-json\/wp\/v2\/product\/4291","targetHints":{"allow":["GET"]}}],"collection":[{"href":"https:\/\/letempsjadisauction.com\/en\/wp-json\/wp\/v2\/product"}],"about":[{"href":"https:\/\/letempsjadisauction.com\/en\/wp-json\/wp\/v2\/types\/product"}],"wp:featuredmedia":[{"embeddable":true,"href":"https:\/\/letempsjadisauction.com\/en\/wp-json\/wp\/v2\/media\/2534"}],"wp:attachment":[{"href":"https:\/\/letempsjadisauction.com\/en\/wp-json\/wp\/v2\/media?parent=4291"}],"wp:term":[{"taxonomy":"online_sale","embeddable":true,"href":"https:\/\/letempsjadisauction.com\/en\/wp-json\/wp\/v2\/online_sale?post=4291"},{"taxonomy":"product_brand","embeddable":true,"href":"https:\/\/letempsjadisauction.com\/en\/wp-json\/wp\/v2\/product_brand?post=4291"},{"taxonomy":"product_cat","embeddable":true,"href":"https:\/\/letempsjadisauction.com\/en\/wp-json\/wp\/v2\/product_cat?post=4291"},{"taxonomy":"product_tag","embeddable":true,"href":"https:\/\/letempsjadisauction.com\/en\/wp-json\/wp\/v2\/product_tag?post=4291"}],"curies":[{"name":"wp","href":"https:\/\/api.w.org\/{rel}","templated":true}]}}