{"id":5152,"date":"2025-06-09T19:36:28","date_gmt":"2025-06-09T19:36:28","guid":{"rendered":"https:\/\/letempsjadisauction.com\/?post_type=product&#038;p=5152"},"modified":"2025-06-25T08:04:04","modified_gmt":"2025-06-25T08:04:04","slug":"3-medard-maertens-scene-de-marche","status":"publish","type":"product","link":"https:\/\/letempsjadisauction.com\/en\/auction\/3-medard-maertens-scene-de-marche\/","title":{"rendered":"3 M\u00e9dard Maertens \u2013 Sc\u00e8ne de march\u00e9"},"content":{"rendered":"<p>M\u00e9dard Maertens (1875-1946), sc\u00e8ne de march\u00e9, peinture \u00e0 l&rsquo;huile, 63 x 52 cm, 78 x 67,5 cm avec cadre<\/p>","protected":false},"excerpt":{"rendered":"<p>M\u00e9dard Maertens \u2013 Sc\u00e8ne de march\u00e9<\/p>","protected":false},"featured_media":4480,"template":"","meta":{"_acf_changed":false,"inline_featured_image":false},"online_sale":[55],"product_brand":[],"product_cat":[18],"product_tag":[],"class_list":{"0":"post-5152","1":"product","2":"type-product","3":"status-publish","4":"has-post-thumbnail","6":"online_sale-juin-2025","7":"product_cat-non-classe","9":"first","10":"instock","11":"shipping-taxable","12":"purchasable","13":"product-type-auction"},"acf":[],"_links":{"self":[{"href":"https:\/\/letempsjadisauction.com\/en\/wp-json\/wp\/v2\/product\/5152","targetHints":{"allow":["GET"]}}],"collection":[{"href":"https:\/\/letempsjadisauction.com\/en\/wp-json\/wp\/v2\/product"}],"about":[{"href":"https:\/\/letempsjadisauction.com\/en\/wp-json\/wp\/v2\/types\/product"}],"wp:featuredmedia":[{"embeddable":true,"href":"https:\/\/letempsjadisauction.com\/en\/wp-json\/wp\/v2\/media\/4480"}],"wp:attachment":[{"href":"https:\/\/letempsjadisauction.com\/en\/wp-json\/wp\/v2\/media?parent=5152"}],"wp:term":[{"taxonomy":"online_sale","embeddable":true,"href":"https:\/\/letempsjadisauction.com\/en\/wp-json\/wp\/v2\/online_sale?post=5152"},{"taxonomy":"product_brand","embeddable":true,"href":"https:\/\/letempsjadisauction.com\/en\/wp-json\/wp\/v2\/product_brand?post=5152"},{"taxonomy":"product_cat","embeddable":true,"href":"https:\/\/letempsjadisauction.com\/en\/wp-json\/wp\/v2\/product_cat?post=5152"},{"taxonomy":"product_tag","embeddable":true,"href":"https:\/\/letempsjadisauction.com\/en\/wp-json\/wp\/v2\/product_tag?post=5152"}],"curies":[{"name":"wp","href":"https:\/\/api.w.org\/{rel}","templated":true}]}}