{"id":5156,"date":"2025-06-09T19:36:29","date_gmt":"2025-06-09T19:36:29","guid":{"rendered":"https:\/\/letempsjadisauction.com\/?post_type=product&#038;p=5156"},"modified":"2025-06-25T08:12:02","modified_gmt":"2025-06-25T08:12:02","slug":"7-anonyme-cartographe","status":"publish","type":"product","link":"https:\/\/letempsjadisauction.com\/en\/auction\/7-anonyme-cartographe\/","title":{"rendered":"7 Anonyme \u2013 Cartographe"},"content":{"rendered":"<p>Anonyme, cartographe, peinture \u00e0 l&rsquo;huile sur toile, 18e si\u00e8cle, 43,5 x 54 cm, restaurations (rentoill\u00e9e)<\/p>","protected":false},"excerpt":{"rendered":"<p>Anonyme \u2013 Cartographe<\/p>","protected":false},"featured_media":4491,"template":"","meta":{"_acf_changed":false,"inline_featured_image":false},"online_sale":[55],"product_brand":[],"product_cat":[18],"product_tag":[],"class_list":{"0":"post-5156","1":"product","2":"type-product","3":"status-publish","4":"has-post-thumbnail","6":"online_sale-juin-2025","7":"product_cat-non-classe","9":"first","10":"instock","11":"shipping-taxable","12":"purchasable","13":"product-type-auction"},"acf":[],"_links":{"self":[{"href":"https:\/\/letempsjadisauction.com\/en\/wp-json\/wp\/v2\/product\/5156","targetHints":{"allow":["GET"]}}],"collection":[{"href":"https:\/\/letempsjadisauction.com\/en\/wp-json\/wp\/v2\/product"}],"about":[{"href":"https:\/\/letempsjadisauction.com\/en\/wp-json\/wp\/v2\/types\/product"}],"wp:featuredmedia":[{"embeddable":true,"href":"https:\/\/letempsjadisauction.com\/en\/wp-json\/wp\/v2\/media\/4491"}],"wp:attachment":[{"href":"https:\/\/letempsjadisauction.com\/en\/wp-json\/wp\/v2\/media?parent=5156"}],"wp:term":[{"taxonomy":"online_sale","embeddable":true,"href":"https:\/\/letempsjadisauction.com\/en\/wp-json\/wp\/v2\/online_sale?post=5156"},{"taxonomy":"product_brand","embeddable":true,"href":"https:\/\/letempsjadisauction.com\/en\/wp-json\/wp\/v2\/product_brand?post=5156"},{"taxonomy":"product_cat","embeddable":true,"href":"https:\/\/letempsjadisauction.com\/en\/wp-json\/wp\/v2\/product_cat?post=5156"},{"taxonomy":"product_tag","embeddable":true,"href":"https:\/\/letempsjadisauction.com\/en\/wp-json\/wp\/v2\/product_tag?post=5156"}],"curies":[{"name":"wp","href":"https:\/\/api.w.org\/{rel}","templated":true}]}}