{"id":5164,"date":"2025-06-09T19:34:38","date_gmt":"2025-06-09T19:34:38","guid":{"rendered":"https:\/\/letempsjadisauction.com\/?post_type=product&#038;p=5164"},"modified":"2025-06-25T14:19:56","modified_gmt":"2025-06-25T14:19:56","slug":"15-jean-michel-folon-je-vous-ecris-des-cyclades","status":"publish","type":"product","link":"https:\/\/letempsjadisauction.com\/en\/auction\/15-jean-michel-folon-je-vous-ecris-des-cyclades\/","title":{"rendered":"15 Jean Michel Folon \u2013 Je vous \u00e9cris des Cyclades"},"content":{"rendered":"<p>Jean Michel Folon (1934-2005), Je vous \u00e9cris des Cyclades, lithographie, 1986, 72 x 63 cm, 100 x 80 cm avec cadre, exemplaire num\u00e9rot\u00e9 142\/200<\/p>","protected":false},"excerpt":{"rendered":"<p>Jean Michel Folon \u2013 Je vous \u00e9cris des Cyclades<\/p>","protected":false},"featured_media":4515,"template":"","meta":{"_acf_changed":false,"inline_featured_image":false},"online_sale":[55],"product_brand":[],"product_cat":[18],"product_tag":[],"class_list":{"0":"post-5164","1":"product","2":"type-product","3":"status-publish","4":"has-post-thumbnail","6":"online_sale-juin-2025","7":"product_cat-non-classe","9":"first","10":"outofstock","11":"shipping-taxable","12":"purchasable","13":"product-type-auction"},"acf":[],"_links":{"self":[{"href":"https:\/\/letempsjadisauction.com\/en\/wp-json\/wp\/v2\/product\/5164","targetHints":{"allow":["GET"]}}],"collection":[{"href":"https:\/\/letempsjadisauction.com\/en\/wp-json\/wp\/v2\/product"}],"about":[{"href":"https:\/\/letempsjadisauction.com\/en\/wp-json\/wp\/v2\/types\/product"}],"wp:featuredmedia":[{"embeddable":true,"href":"https:\/\/letempsjadisauction.com\/en\/wp-json\/wp\/v2\/media\/4515"}],"wp:attachment":[{"href":"https:\/\/letempsjadisauction.com\/en\/wp-json\/wp\/v2\/media?parent=5164"}],"wp:term":[{"taxonomy":"online_sale","embeddable":true,"href":"https:\/\/letempsjadisauction.com\/en\/wp-json\/wp\/v2\/online_sale?post=5164"},{"taxonomy":"product_brand","embeddable":true,"href":"https:\/\/letempsjadisauction.com\/en\/wp-json\/wp\/v2\/product_brand?post=5164"},{"taxonomy":"product_cat","embeddable":true,"href":"https:\/\/letempsjadisauction.com\/en\/wp-json\/wp\/v2\/product_cat?post=5164"},{"taxonomy":"product_tag","embeddable":true,"href":"https:\/\/letempsjadisauction.com\/en\/wp-json\/wp\/v2\/product_tag?post=5164"}],"curies":[{"name":"wp","href":"https:\/\/api.w.org\/{rel}","templated":true}]}}