{"id":5177,"date":"2025-06-09T19:34:36","date_gmt":"2025-06-09T19:34:36","guid":{"rendered":"https:\/\/letempsjadisauction.com\/?post_type=product&#038;p=5177"},"modified":"2025-06-25T08:54:02","modified_gmt":"2025-06-25T08:54:02","slug":"28-salvator-dali-gala-nue-regardant-la-mer-president-lincoln","status":"publish","type":"product","link":"https:\/\/letempsjadisauction.com\/en\/auction\/28-salvator-dali-gala-nue-regardant-la-mer-president-lincoln\/","title":{"rendered":"28 Salvator Dali \u2013 Gala nue regardant la mer\u2026 (pr\u00e9sident Lincoln)"},"content":{"rendered":"<p>Salvator Dali (1904-1989), Gala nue regardant la mer qui \u00e0 18 m\u00e8tres laisse appara\u00eetre le pr\u00e9sident Lincoln, lithographie, 70 x 100 cm, exemplaire num\u00e9rot\u00e9 E 4\/200<\/p>","protected":false},"excerpt":{"rendered":"<p>Salvator Dali \u2013 Gala nue regardant la mer\u2026 (pr\u00e9sident Lincoln)<\/p>","protected":false},"featured_media":4533,"template":"","meta":{"_acf_changed":false,"inline_featured_image":false},"online_sale":[55],"product_brand":[],"product_cat":[18],"product_tag":[],"class_list":{"0":"post-5177","1":"product","2":"type-product","3":"status-publish","4":"has-post-thumbnail","6":"online_sale-juin-2025","7":"product_cat-non-classe","9":"first","10":"instock","11":"shipping-taxable","12":"purchasable","13":"product-type-auction"},"acf":[],"_links":{"self":[{"href":"https:\/\/letempsjadisauction.com\/en\/wp-json\/wp\/v2\/product\/5177","targetHints":{"allow":["GET"]}}],"collection":[{"href":"https:\/\/letempsjadisauction.com\/en\/wp-json\/wp\/v2\/product"}],"about":[{"href":"https:\/\/letempsjadisauction.com\/en\/wp-json\/wp\/v2\/types\/product"}],"wp:featuredmedia":[{"embeddable":true,"href":"https:\/\/letempsjadisauction.com\/en\/wp-json\/wp\/v2\/media\/4533"}],"wp:attachment":[{"href":"https:\/\/letempsjadisauction.com\/en\/wp-json\/wp\/v2\/media?parent=5177"}],"wp:term":[{"taxonomy":"online_sale","embeddable":true,"href":"https:\/\/letempsjadisauction.com\/en\/wp-json\/wp\/v2\/online_sale?post=5177"},{"taxonomy":"product_brand","embeddable":true,"href":"https:\/\/letempsjadisauction.com\/en\/wp-json\/wp\/v2\/product_brand?post=5177"},{"taxonomy":"product_cat","embeddable":true,"href":"https:\/\/letempsjadisauction.com\/en\/wp-json\/wp\/v2\/product_cat?post=5177"},{"taxonomy":"product_tag","embeddable":true,"href":"https:\/\/letempsjadisauction.com\/en\/wp-json\/wp\/v2\/product_tag?post=5177"}],"curies":[{"name":"wp","href":"https:\/\/api.w.org\/{rel}","templated":true}]}}