{"id":5178,"date":"2025-06-09T19:34:34","date_gmt":"2025-06-09T19:34:34","guid":{"rendered":"https:\/\/letempsjadisauction.com\/?post_type=product&#038;p=5178"},"modified":"2025-06-24T16:15:28","modified_gmt":"2025-06-24T16:15:28","slug":"29-felix-labisse-la-femme-bleue","status":"publish","type":"product","link":"https:\/\/letempsjadisauction.com\/en\/auction\/29-felix-labisse-la-femme-bleue\/","title":{"rendered":"29 F\u00e9lix Labisse \u2013 La femme bleue"},"content":{"rendered":"<p>F\u00e9lix Labisse (1905-1982), la femme bleue, lithographie, 78 x 53 cm, exemplaire num\u00e9rot\u00e9 7\/150<\/p>","protected":false},"excerpt":{"rendered":"<p>F\u00e9lix Labisse \u2013 La femme bleue<\/p>","protected":false},"featured_media":4534,"template":"","meta":{"_acf_changed":false,"inline_featured_image":false},"online_sale":[55],"product_brand":[],"product_cat":[18],"product_tag":[],"class_list":{"0":"post-5178","1":"product","2":"type-product","3":"status-publish","4":"has-post-thumbnail","6":"online_sale-juin-2025","7":"product_cat-non-classe","9":"first","10":"instock","11":"shipping-taxable","12":"purchasable","13":"product-type-auction"},"acf":[],"_links":{"self":[{"href":"https:\/\/letempsjadisauction.com\/en\/wp-json\/wp\/v2\/product\/5178","targetHints":{"allow":["GET"]}}],"collection":[{"href":"https:\/\/letempsjadisauction.com\/en\/wp-json\/wp\/v2\/product"}],"about":[{"href":"https:\/\/letempsjadisauction.com\/en\/wp-json\/wp\/v2\/types\/product"}],"wp:featuredmedia":[{"embeddable":true,"href":"https:\/\/letempsjadisauction.com\/en\/wp-json\/wp\/v2\/media\/4534"}],"wp:attachment":[{"href":"https:\/\/letempsjadisauction.com\/en\/wp-json\/wp\/v2\/media?parent=5178"}],"wp:term":[{"taxonomy":"online_sale","embeddable":true,"href":"https:\/\/letempsjadisauction.com\/en\/wp-json\/wp\/v2\/online_sale?post=5178"},{"taxonomy":"product_brand","embeddable":true,"href":"https:\/\/letempsjadisauction.com\/en\/wp-json\/wp\/v2\/product_brand?post=5178"},{"taxonomy":"product_cat","embeddable":true,"href":"https:\/\/letempsjadisauction.com\/en\/wp-json\/wp\/v2\/product_cat?post=5178"},{"taxonomy":"product_tag","embeddable":true,"href":"https:\/\/letempsjadisauction.com\/en\/wp-json\/wp\/v2\/product_tag?post=5178"}],"curies":[{"name":"wp","href":"https:\/\/api.w.org\/{rel}","templated":true}]}}