{"id":5183,"date":"2025-06-09T19:33:58","date_gmt":"2025-06-09T19:33:58","guid":{"rendered":"https:\/\/letempsjadisauction.com\/?post_type=product&#038;p=5183"},"modified":"2025-06-09T19:33:58","modified_gmt":"2025-06-09T19:33:58","slug":"34-icone-russe-le-christ-pantocrator","status":"publish","type":"product","link":"https:\/\/letempsjadisauction.com\/en\/auction\/34-icone-russe-le-christ-pantocrator\/","title":{"rendered":"34 Icone russe \u2013 Le Christ Pantocrator"},"content":{"rendered":"<p>Icone russe, le Christ Pantocrator, tempera sur bois, fin 19e- d\u00e9but 20e si\u00e8cle, 22 x 18,5 cm, recouverte d&rsquo;une riza en m\u00e9tal dor\u00e9 embouti, nimbe perfor\u00e9. <\/p>","protected":false},"excerpt":{"rendered":"<p>Icone russe \u2013 Le Christ Pantocrator <\/p>","protected":false},"featured_media":4545,"template":"","meta":{"_acf_changed":false,"inline_featured_image":false},"online_sale":[55],"product_brand":[],"product_cat":[18],"product_tag":[],"class_list":{"0":"post-5183","1":"product","2":"type-product","3":"status-publish","4":"has-post-thumbnail","6":"online_sale-juin-2025","7":"product_cat-non-classe","9":"first","10":"instock","11":"shipping-taxable","12":"purchasable","13":"product-type-auction"},"acf":[],"_links":{"self":[{"href":"https:\/\/letempsjadisauction.com\/en\/wp-json\/wp\/v2\/product\/5183","targetHints":{"allow":["GET"]}}],"collection":[{"href":"https:\/\/letempsjadisauction.com\/en\/wp-json\/wp\/v2\/product"}],"about":[{"href":"https:\/\/letempsjadisauction.com\/en\/wp-json\/wp\/v2\/types\/product"}],"wp:featuredmedia":[{"embeddable":true,"href":"https:\/\/letempsjadisauction.com\/en\/wp-json\/wp\/v2\/media\/4545"}],"wp:attachment":[{"href":"https:\/\/letempsjadisauction.com\/en\/wp-json\/wp\/v2\/media?parent=5183"}],"wp:term":[{"taxonomy":"online_sale","embeddable":true,"href":"https:\/\/letempsjadisauction.com\/en\/wp-json\/wp\/v2\/online_sale?post=5183"},{"taxonomy":"product_brand","embeddable":true,"href":"https:\/\/letempsjadisauction.com\/en\/wp-json\/wp\/v2\/product_brand?post=5183"},{"taxonomy":"product_cat","embeddable":true,"href":"https:\/\/letempsjadisauction.com\/en\/wp-json\/wp\/v2\/product_cat?post=5183"},{"taxonomy":"product_tag","embeddable":true,"href":"https:\/\/letempsjadisauction.com\/en\/wp-json\/wp\/v2\/product_tag?post=5183"}],"curies":[{"name":"wp","href":"https:\/\/api.w.org\/{rel}","templated":true}]}}