{"id":5186,"date":"2025-06-09T19:33:57","date_gmt":"2025-06-09T19:33:57","guid":{"rendered":"https:\/\/letempsjadisauction.com\/?post_type=product&#038;p=5186"},"modified":"2025-06-09T19:33:57","modified_gmt":"2025-06-09T19:33:57","slug":"37-anonyme-ensemble-de-vetements-liturgiques","status":"publish","type":"product","link":"https:\/\/letempsjadisauction.com\/en\/auction\/37-anonyme-ensemble-de-vetements-liturgiques\/","title":{"rendered":"37 Anonyme &#8211; Ensemble de v\u00eatements liturgiques"},"content":{"rendered":"<p>Ensemble de v\u00eatements et accessoires liturgiques catholiques, velours, fils dor\u00e9s, dentelle, fin 19e-d\u00e9but 20e si\u00e8cle<\/p>","protected":false},"excerpt":{"rendered":"<p>Anonyme &#8211; Ensemble de v\u00eatements liturgiques<\/p>","protected":false},"featured_media":4556,"template":"","meta":{"_acf_changed":false,"inline_featured_image":false},"online_sale":[55],"product_brand":[],"product_cat":[18],"product_tag":[],"class_list":{"0":"post-5186","1":"product","2":"type-product","3":"status-publish","4":"has-post-thumbnail","6":"online_sale-juin-2025","7":"product_cat-non-classe","9":"first","10":"instock","11":"shipping-taxable","12":"purchasable","13":"product-type-auction"},"acf":[],"_links":{"self":[{"href":"https:\/\/letempsjadisauction.com\/en\/wp-json\/wp\/v2\/product\/5186","targetHints":{"allow":["GET"]}}],"collection":[{"href":"https:\/\/letempsjadisauction.com\/en\/wp-json\/wp\/v2\/product"}],"about":[{"href":"https:\/\/letempsjadisauction.com\/en\/wp-json\/wp\/v2\/types\/product"}],"wp:featuredmedia":[{"embeddable":true,"href":"https:\/\/letempsjadisauction.com\/en\/wp-json\/wp\/v2\/media\/4556"}],"wp:attachment":[{"href":"https:\/\/letempsjadisauction.com\/en\/wp-json\/wp\/v2\/media?parent=5186"}],"wp:term":[{"taxonomy":"online_sale","embeddable":true,"href":"https:\/\/letempsjadisauction.com\/en\/wp-json\/wp\/v2\/online_sale?post=5186"},{"taxonomy":"product_brand","embeddable":true,"href":"https:\/\/letempsjadisauction.com\/en\/wp-json\/wp\/v2\/product_brand?post=5186"},{"taxonomy":"product_cat","embeddable":true,"href":"https:\/\/letempsjadisauction.com\/en\/wp-json\/wp\/v2\/product_cat?post=5186"},{"taxonomy":"product_tag","embeddable":true,"href":"https:\/\/letempsjadisauction.com\/en\/wp-json\/wp\/v2\/product_tag?post=5186"}],"curies":[{"name":"wp","href":"https:\/\/api.w.org\/{rel}","templated":true}]}}