{"id":5189,"date":"2025-06-09T19:34:34","date_gmt":"2025-06-09T19:34:34","guid":{"rendered":"https:\/\/letempsjadisauction.com\/?post_type=product&#038;p=5189"},"modified":"2025-06-25T09:18:02","modified_gmt":"2025-06-25T09:18:02","slug":"40-anonyme-vierge-a-lenfant-rayonnante","status":"publish","type":"product","link":"https:\/\/letempsjadisauction.com\/en\/auction\/40-anonyme-vierge-a-lenfant-rayonnante\/","title":{"rendered":"40 Anonyme \u2013 Vierge \u00e0 l\u2019Enfant rayonnante"},"content":{"rendered":"<p>Vierge \u00e0 l\u2019Enfant rayonnante, petite statue repr\u00e9sentant la Vierge, debout, tenant l\u2019Enfant J\u00e9sus sur son bras gauche. Tous deux sont coiff\u00e9s de couronnes en argent rapport\u00e9es. L\u2019ensemble est pr\u00e9sent\u00e9 devant une gloire rayonnante en argent d\u00e9coup\u00e9, symbole de lumi\u00e8re c\u00e9leste. La figure repose sur un socle tourn\u00e9 en bois teint\u00e9, bois sculpt\u00e9, argent, poinconn\u00e9e, probablement destin\u00e9e \u00e0 un oratoire priv\u00e9 ou \u00e0 une chapelle domestique, 25 cm de haut, 19 cm sans le socle. Epoque : 16 &#8211; 17e si\u00e8cle<\/p>","protected":false},"excerpt":{"rendered":"<p>Anonyme \u2013 Vierge \u00e0 l\u2019Enfant rayonnante<\/p>","protected":false},"featured_media":4572,"template":"","meta":{"_acf_changed":false,"inline_featured_image":false},"online_sale":[55],"product_brand":[],"product_cat":[18],"product_tag":[],"class_list":{"0":"post-5189","1":"product","2":"type-product","3":"status-publish","4":"has-post-thumbnail","6":"online_sale-juin-2025","7":"product_cat-non-classe","9":"first","10":"instock","11":"shipping-taxable","12":"purchasable","13":"product-type-auction"},"acf":[],"_links":{"self":[{"href":"https:\/\/letempsjadisauction.com\/en\/wp-json\/wp\/v2\/product\/5189","targetHints":{"allow":["GET"]}}],"collection":[{"href":"https:\/\/letempsjadisauction.com\/en\/wp-json\/wp\/v2\/product"}],"about":[{"href":"https:\/\/letempsjadisauction.com\/en\/wp-json\/wp\/v2\/types\/product"}],"wp:featuredmedia":[{"embeddable":true,"href":"https:\/\/letempsjadisauction.com\/en\/wp-json\/wp\/v2\/media\/4572"}],"wp:attachment":[{"href":"https:\/\/letempsjadisauction.com\/en\/wp-json\/wp\/v2\/media?parent=5189"}],"wp:term":[{"taxonomy":"online_sale","embeddable":true,"href":"https:\/\/letempsjadisauction.com\/en\/wp-json\/wp\/v2\/online_sale?post=5189"},{"taxonomy":"product_brand","embeddable":true,"href":"https:\/\/letempsjadisauction.com\/en\/wp-json\/wp\/v2\/product_brand?post=5189"},{"taxonomy":"product_cat","embeddable":true,"href":"https:\/\/letempsjadisauction.com\/en\/wp-json\/wp\/v2\/product_cat?post=5189"},{"taxonomy":"product_tag","embeddable":true,"href":"https:\/\/letempsjadisauction.com\/en\/wp-json\/wp\/v2\/product_tag?post=5189"}],"curies":[{"name":"wp","href":"https:\/\/api.w.org\/{rel}","templated":true}]}}