{"id":5192,"date":"2025-06-09T19:33:56","date_gmt":"2025-06-09T19:33:56","guid":{"rendered":"https:\/\/letempsjadisauction.com\/?post_type=product&#038;p=5192"},"modified":"2025-06-09T19:33:56","modified_gmt":"2025-06-09T19:33:56","slug":"43-bezin-leffort","status":"publish","type":"product","link":"https:\/\/letempsjadisauction.com\/en\/auction\/43-bezin-leffort\/","title":{"rendered":"43 Bezin \u2013 L&rsquo;effort"},"content":{"rendered":"<p>Bezin, l&rsquo;effort, r\u00e9gule patin\u00e9 vert sur socle en marbre noir, 20e si\u00e8cle, 74 x 35 x 16 cm<\/p>","protected":false},"excerpt":{"rendered":"<p>Bezin \u2013 L&rsquo;effort<\/p>","protected":false},"featured_media":4587,"template":"","meta":{"_acf_changed":false,"inline_featured_image":false},"online_sale":[55],"product_brand":[],"product_cat":[18],"product_tag":[],"class_list":{"0":"post-5192","1":"product","2":"type-product","3":"status-publish","4":"has-post-thumbnail","6":"online_sale-juin-2025","7":"product_cat-non-classe","9":"first","10":"instock","11":"shipping-taxable","12":"purchasable","13":"product-type-auction"},"acf":[],"_links":{"self":[{"href":"https:\/\/letempsjadisauction.com\/en\/wp-json\/wp\/v2\/product\/5192","targetHints":{"allow":["GET"]}}],"collection":[{"href":"https:\/\/letempsjadisauction.com\/en\/wp-json\/wp\/v2\/product"}],"about":[{"href":"https:\/\/letempsjadisauction.com\/en\/wp-json\/wp\/v2\/types\/product"}],"wp:featuredmedia":[{"embeddable":true,"href":"https:\/\/letempsjadisauction.com\/en\/wp-json\/wp\/v2\/media\/4587"}],"wp:attachment":[{"href":"https:\/\/letempsjadisauction.com\/en\/wp-json\/wp\/v2\/media?parent=5192"}],"wp:term":[{"taxonomy":"online_sale","embeddable":true,"href":"https:\/\/letempsjadisauction.com\/en\/wp-json\/wp\/v2\/online_sale?post=5192"},{"taxonomy":"product_brand","embeddable":true,"href":"https:\/\/letempsjadisauction.com\/en\/wp-json\/wp\/v2\/product_brand?post=5192"},{"taxonomy":"product_cat","embeddable":true,"href":"https:\/\/letempsjadisauction.com\/en\/wp-json\/wp\/v2\/product_cat?post=5192"},{"taxonomy":"product_tag","embeddable":true,"href":"https:\/\/letempsjadisauction.com\/en\/wp-json\/wp\/v2\/product_tag?post=5192"}],"curies":[{"name":"wp","href":"https:\/\/api.w.org\/{rel}","templated":true}]}}