{"id":5196,"date":"2025-06-09T19:33:56","date_gmt":"2025-06-09T19:33:56","guid":{"rendered":"https:\/\/letempsjadisauction.com\/?post_type=product&#038;p=5196"},"modified":"2025-06-24T20:24:44","modified_gmt":"2025-06-24T20:24:44","slug":"47-henri-desire-gaucquie-facet-spera","status":"publish","type":"product","link":"https:\/\/letempsjadisauction.com\/en\/auction\/47-henri-desire-gaucquie-facet-spera\/","title":{"rendered":"47 Henri D\u00e9sir\u00e9 Gaucqui\u00e9 \u2013 Facet Spera"},"content":{"rendered":"<p>Henri D\u00e9sir\u00e9 Gaucqui\u00e9, Facet Spera, bronze \u00e0 patine m\u00e9daille, 70 cm<\/p>","protected":false},"excerpt":{"rendered":"<p>Henri D\u00e9sir\u00e9 Gaucqui\u00e9 \u2013 Facet Spera<\/p>","protected":false},"featured_media":4608,"template":"","meta":{"_acf_changed":false,"inline_featured_image":false},"online_sale":[55],"product_brand":[],"product_cat":[18],"product_tag":[],"class_list":{"0":"post-5196","1":"product","2":"type-product","3":"status-publish","4":"has-post-thumbnail","6":"online_sale-juin-2025","7":"product_cat-non-classe","9":"first","10":"instock","11":"shipping-taxable","12":"purchasable","13":"product-type-auction"},"acf":[],"_links":{"self":[{"href":"https:\/\/letempsjadisauction.com\/en\/wp-json\/wp\/v2\/product\/5196","targetHints":{"allow":["GET"]}}],"collection":[{"href":"https:\/\/letempsjadisauction.com\/en\/wp-json\/wp\/v2\/product"}],"about":[{"href":"https:\/\/letempsjadisauction.com\/en\/wp-json\/wp\/v2\/types\/product"}],"wp:featuredmedia":[{"embeddable":true,"href":"https:\/\/letempsjadisauction.com\/en\/wp-json\/wp\/v2\/media\/4608"}],"wp:attachment":[{"href":"https:\/\/letempsjadisauction.com\/en\/wp-json\/wp\/v2\/media?parent=5196"}],"wp:term":[{"taxonomy":"online_sale","embeddable":true,"href":"https:\/\/letempsjadisauction.com\/en\/wp-json\/wp\/v2\/online_sale?post=5196"},{"taxonomy":"product_brand","embeddable":true,"href":"https:\/\/letempsjadisauction.com\/en\/wp-json\/wp\/v2\/product_brand?post=5196"},{"taxonomy":"product_cat","embeddable":true,"href":"https:\/\/letempsjadisauction.com\/en\/wp-json\/wp\/v2\/product_cat?post=5196"},{"taxonomy":"product_tag","embeddable":true,"href":"https:\/\/letempsjadisauction.com\/en\/wp-json\/wp\/v2\/product_tag?post=5196"}],"curies":[{"name":"wp","href":"https:\/\/api.w.org\/{rel}","templated":true}]}}