{"id":5197,"date":"2025-06-09T19:33:57","date_gmt":"2025-06-09T19:33:57","guid":{"rendered":"https:\/\/letempsjadisauction.com\/?post_type=product&#038;p=5197"},"modified":"2025-06-25T09:37:22","modified_gmt":"2025-06-25T09:37:22","slug":"48-anonyme-aigle-bicephale","status":"publish","type":"product","link":"https:\/\/letempsjadisauction.com\/en\/auction\/48-anonyme-aigle-bicephale\/","title":{"rendered":"48 Anonyme \u2013 Aigle bic\u00e9phale"},"content":{"rendered":"<p>Aaigle bic\u00e9phale couronn\u00e9 tient un \u00e9cu central con\u00e7u pour acceuillir une montre \u00e0 gousset, bronze patin\u00e9 brun, fin 19e si\u00e8cle, 25 x 23 cm<\/p>","protected":false},"excerpt":{"rendered":"<p>Anonyme \u2013 Aigle bic\u00e9phale<\/p>","protected":false},"featured_media":4615,"template":"","meta":{"_acf_changed":false,"inline_featured_image":false},"online_sale":[55],"product_brand":[],"product_cat":[18],"product_tag":[],"class_list":{"0":"post-5197","1":"product","2":"type-product","3":"status-publish","4":"has-post-thumbnail","6":"online_sale-juin-2025","7":"product_cat-non-classe","9":"first","10":"instock","11":"shipping-taxable","12":"purchasable","13":"product-type-auction"},"acf":[],"_links":{"self":[{"href":"https:\/\/letempsjadisauction.com\/en\/wp-json\/wp\/v2\/product\/5197","targetHints":{"allow":["GET"]}}],"collection":[{"href":"https:\/\/letempsjadisauction.com\/en\/wp-json\/wp\/v2\/product"}],"about":[{"href":"https:\/\/letempsjadisauction.com\/en\/wp-json\/wp\/v2\/types\/product"}],"wp:featuredmedia":[{"embeddable":true,"href":"https:\/\/letempsjadisauction.com\/en\/wp-json\/wp\/v2\/media\/4615"}],"wp:attachment":[{"href":"https:\/\/letempsjadisauction.com\/en\/wp-json\/wp\/v2\/media?parent=5197"}],"wp:term":[{"taxonomy":"online_sale","embeddable":true,"href":"https:\/\/letempsjadisauction.com\/en\/wp-json\/wp\/v2\/online_sale?post=5197"},{"taxonomy":"product_brand","embeddable":true,"href":"https:\/\/letempsjadisauction.com\/en\/wp-json\/wp\/v2\/product_brand?post=5197"},{"taxonomy":"product_cat","embeddable":true,"href":"https:\/\/letempsjadisauction.com\/en\/wp-json\/wp\/v2\/product_cat?post=5197"},{"taxonomy":"product_tag","embeddable":true,"href":"https:\/\/letempsjadisauction.com\/en\/wp-json\/wp\/v2\/product_tag?post=5197"}],"curies":[{"name":"wp","href":"https:\/\/api.w.org\/{rel}","templated":true}]}}