{"id":5199,"date":"2025-06-09T19:33:09","date_gmt":"2025-06-09T19:33:09","guid":{"rendered":"https:\/\/letempsjadisauction.com\/?post_type=product&#038;p=5199"},"modified":"2025-06-25T09:26:21","modified_gmt":"2025-06-25T09:26:21","slug":"50-ballestra-panthere-rugissante","status":"publish","type":"product","link":"https:\/\/letempsjadisauction.com\/en\/auction\/50-ballestra-panthere-rugissante\/","title":{"rendered":"50 Ballestra \u2013 Panth\u00e8re rugissante"},"content":{"rendered":"<p>Ballestra, panth\u00e8re rugissante, albatre, 19e-20e si\u00e8cle, 40 x 24 cm<\/p>","protected":false},"excerpt":{"rendered":"<p>Ballestra \u2013 Panth\u00e8re rugissante<\/p>","protected":false},"featured_media":4621,"template":"","meta":{"_acf_changed":false,"inline_featured_image":false},"online_sale":[55],"product_brand":[],"product_cat":[18],"product_tag":[],"class_list":{"0":"post-5199","1":"product","2":"type-product","3":"status-publish","4":"has-post-thumbnail","6":"online_sale-juin-2025","7":"product_cat-non-classe","9":"first","10":"instock","11":"shipping-taxable","12":"purchasable","13":"product-type-auction"},"acf":[],"_links":{"self":[{"href":"https:\/\/letempsjadisauction.com\/en\/wp-json\/wp\/v2\/product\/5199","targetHints":{"allow":["GET"]}}],"collection":[{"href":"https:\/\/letempsjadisauction.com\/en\/wp-json\/wp\/v2\/product"}],"about":[{"href":"https:\/\/letempsjadisauction.com\/en\/wp-json\/wp\/v2\/types\/product"}],"wp:featuredmedia":[{"embeddable":true,"href":"https:\/\/letempsjadisauction.com\/en\/wp-json\/wp\/v2\/media\/4621"}],"wp:attachment":[{"href":"https:\/\/letempsjadisauction.com\/en\/wp-json\/wp\/v2\/media?parent=5199"}],"wp:term":[{"taxonomy":"online_sale","embeddable":true,"href":"https:\/\/letempsjadisauction.com\/en\/wp-json\/wp\/v2\/online_sale?post=5199"},{"taxonomy":"product_brand","embeddable":true,"href":"https:\/\/letempsjadisauction.com\/en\/wp-json\/wp\/v2\/product_brand?post=5199"},{"taxonomy":"product_cat","embeddable":true,"href":"https:\/\/letempsjadisauction.com\/en\/wp-json\/wp\/v2\/product_cat?post=5199"},{"taxonomy":"product_tag","embeddable":true,"href":"https:\/\/letempsjadisauction.com\/en\/wp-json\/wp\/v2\/product_tag?post=5199"}],"curies":[{"name":"wp","href":"https:\/\/api.w.org\/{rel}","templated":true}]}}