{"id":5208,"date":"2025-06-09T19:33:07","date_gmt":"2025-06-09T19:33:07","guid":{"rendered":"https:\/\/letempsjadisauction.com\/?post_type=product&#038;p=5208"},"modified":"2025-06-09T19:33:07","modified_gmt":"2025-06-09T19:33:07","slug":"59-a-identifier-sculpture-polychrome-dans-le-gout-de-niki-de-saint-phalle","status":"publish","type":"product","link":"https:\/\/letempsjadisauction.com\/en\/auction\/59-a-identifier-sculpture-polychrome-dans-le-gout-de-niki-de-saint-phalle\/","title":{"rendered":"59 A identifier \u2013 Sculpture polychrome dans le go\u00fbt de Niki de Saint Phalle"},"content":{"rendered":"<p>A identifier, sculpture polychrome dans le go\u00fbt de Niki de Saint Phalle, torso f\u00e9minin stylis\u00e9 en terre cuite ou platre peinte,<br \/>\nSignature sur le cot\u00e9 (\u00e0 d\u00e9chiffrer), 33 cm de haut. <\/p>","protected":false},"excerpt":{"rendered":"<p>A identifier \u2013 Sculpture polychrome dans le go\u00fbt de Niki de Saint Phalle<\/p>","protected":false},"featured_media":4658,"template":"","meta":{"_acf_changed":false,"inline_featured_image":false},"online_sale":[55],"product_brand":[],"product_cat":[18],"product_tag":[],"class_list":{"0":"post-5208","1":"product","2":"type-product","3":"status-publish","4":"has-post-thumbnail","6":"online_sale-juin-2025","7":"product_cat-non-classe","9":"first","10":"instock","11":"shipping-taxable","12":"purchasable","13":"product-type-auction"},"acf":[],"_links":{"self":[{"href":"https:\/\/letempsjadisauction.com\/en\/wp-json\/wp\/v2\/product\/5208","targetHints":{"allow":["GET"]}}],"collection":[{"href":"https:\/\/letempsjadisauction.com\/en\/wp-json\/wp\/v2\/product"}],"about":[{"href":"https:\/\/letempsjadisauction.com\/en\/wp-json\/wp\/v2\/types\/product"}],"wp:featuredmedia":[{"embeddable":true,"href":"https:\/\/letempsjadisauction.com\/en\/wp-json\/wp\/v2\/media\/4658"}],"wp:attachment":[{"href":"https:\/\/letempsjadisauction.com\/en\/wp-json\/wp\/v2\/media?parent=5208"}],"wp:term":[{"taxonomy":"online_sale","embeddable":true,"href":"https:\/\/letempsjadisauction.com\/en\/wp-json\/wp\/v2\/online_sale?post=5208"},{"taxonomy":"product_brand","embeddable":true,"href":"https:\/\/letempsjadisauction.com\/en\/wp-json\/wp\/v2\/product_brand?post=5208"},{"taxonomy":"product_cat","embeddable":true,"href":"https:\/\/letempsjadisauction.com\/en\/wp-json\/wp\/v2\/product_cat?post=5208"},{"taxonomy":"product_tag","embeddable":true,"href":"https:\/\/letempsjadisauction.com\/en\/wp-json\/wp\/v2\/product_tag?post=5208"}],"curies":[{"name":"wp","href":"https:\/\/api.w.org\/{rel}","templated":true}]}}