{"id":5209,"date":"2025-06-09T19:33:08","date_gmt":"2025-06-09T19:33:08","guid":{"rendered":"https:\/\/letempsjadisauction.com\/?post_type=product&#038;p=5209"},"modified":"2025-06-11T21:31:10","modified_gmt":"2025-06-11T21:31:10","slug":"60-edgard-aubry-vase-balustre-a-coulures-verticales","status":"publish","type":"product","link":"https:\/\/letempsjadisauction.com\/en\/auction\/60-edgard-aubry-vase-balustre-a-coulures-verticales\/","title":{"rendered":"60 Edgard Aubry \u2013 Vase balustre \u00e0 coulures verticales"},"content":{"rendered":"<p>Edgard Aubry (1880\u20131943) , Vase de forme balustre \u00e0 d\u00e9cor de coulures verticales, gr\u00e8s \u00e9maill\u00e9, signature incis\u00e9e \u00ab Aubry \u00bb sous la base. Edgard Aubry, ma\u00eetre c\u00e9ramiste belge, fut l\u2019un des repr\u00e9sentants notables de la tradition poti\u00e8re de Bouffioulx au d\u00e9but du XXe si\u00e8cle. 24 cm de haut. Bibliographie: Marianne Fauconnier et Jean-Claude Migeot, Au tour des Aubry, Charleroi, 2002<\/p>","protected":false},"excerpt":{"rendered":"<p>Edgard Aubry \u2013 Vase balustre \u00e0 coulures verticales<\/p>","protected":false},"featured_media":4663,"template":"","meta":{"_acf_changed":false,"inline_featured_image":false},"online_sale":[55],"product_brand":[],"product_cat":[18],"product_tag":[],"class_list":{"0":"post-5209","1":"product","2":"type-product","3":"status-publish","4":"has-post-thumbnail","6":"online_sale-juin-2025","7":"product_cat-non-classe","9":"first","10":"instock","11":"shipping-taxable","12":"purchasable","13":"product-type-auction"},"acf":[],"_links":{"self":[{"href":"https:\/\/letempsjadisauction.com\/en\/wp-json\/wp\/v2\/product\/5209","targetHints":{"allow":["GET"]}}],"collection":[{"href":"https:\/\/letempsjadisauction.com\/en\/wp-json\/wp\/v2\/product"}],"about":[{"href":"https:\/\/letempsjadisauction.com\/en\/wp-json\/wp\/v2\/types\/product"}],"wp:featuredmedia":[{"embeddable":true,"href":"https:\/\/letempsjadisauction.com\/en\/wp-json\/wp\/v2\/media\/4663"}],"wp:attachment":[{"href":"https:\/\/letempsjadisauction.com\/en\/wp-json\/wp\/v2\/media?parent=5209"}],"wp:term":[{"taxonomy":"online_sale","embeddable":true,"href":"https:\/\/letempsjadisauction.com\/en\/wp-json\/wp\/v2\/online_sale?post=5209"},{"taxonomy":"product_brand","embeddable":true,"href":"https:\/\/letempsjadisauction.com\/en\/wp-json\/wp\/v2\/product_brand?post=5209"},{"taxonomy":"product_cat","embeddable":true,"href":"https:\/\/letempsjadisauction.com\/en\/wp-json\/wp\/v2\/product_cat?post=5209"},{"taxonomy":"product_tag","embeddable":true,"href":"https:\/\/letempsjadisauction.com\/en\/wp-json\/wp\/v2\/product_tag?post=5209"}],"curies":[{"name":"wp","href":"https:\/\/api.w.org\/{rel}","templated":true}]}}