{"id":5220,"date":"2025-06-09T19:33:06","date_gmt":"2025-06-09T19:33:06","guid":{"rendered":"https:\/\/letempsjadisauction.com\/?post_type=product&#038;p=5220"},"modified":"2025-06-09T19:33:06","modified_gmt":"2025-06-09T19:33:06","slug":"71-anonyme-paire-de-vases-balustres-roses","status":"publish","type":"product","link":"https:\/\/letempsjadisauction.com\/en\/auction\/71-anonyme-paire-de-vases-balustres-roses\/","title":{"rendered":"71 Anonyme \u2013 Paire de vases balustres (roses)"},"content":{"rendered":"<p>Anonyme, paire de vases balustres \u00e0 d\u00e9cor de guirlandes de roses, bord sup\u00e9rieur cr\u00e9nel\u00e9 \u00e0 glacure rouge et rehauts dor\u00e9s, pi\u00e9douche circulaire \u00e0 filets dor\u00e9s, porcelaine \u00e9maill\u00e9e, fin 19e si\u00e8cle-d\u00e9but 20e si\u00e8cle, 32 x 21 cm<\/p>","protected":false},"excerpt":{"rendered":"<p>Anonyme \u2013 Paire de vases balustres (roses)<\/p>","protected":false},"featured_media":4690,"template":"","meta":{"_acf_changed":false,"inline_featured_image":false},"online_sale":[55],"product_brand":[],"product_cat":[18],"product_tag":[],"class_list":{"0":"post-5220","1":"product","2":"type-product","3":"status-publish","4":"has-post-thumbnail","6":"online_sale-juin-2025","7":"product_cat-non-classe","9":"first","10":"instock","11":"shipping-taxable","12":"purchasable","13":"product-type-auction"},"acf":[],"_links":{"self":[{"href":"https:\/\/letempsjadisauction.com\/en\/wp-json\/wp\/v2\/product\/5220","targetHints":{"allow":["GET"]}}],"collection":[{"href":"https:\/\/letempsjadisauction.com\/en\/wp-json\/wp\/v2\/product"}],"about":[{"href":"https:\/\/letempsjadisauction.com\/en\/wp-json\/wp\/v2\/types\/product"}],"wp:featuredmedia":[{"embeddable":true,"href":"https:\/\/letempsjadisauction.com\/en\/wp-json\/wp\/v2\/media\/4690"}],"wp:attachment":[{"href":"https:\/\/letempsjadisauction.com\/en\/wp-json\/wp\/v2\/media?parent=5220"}],"wp:term":[{"taxonomy":"online_sale","embeddable":true,"href":"https:\/\/letempsjadisauction.com\/en\/wp-json\/wp\/v2\/online_sale?post=5220"},{"taxonomy":"product_brand","embeddable":true,"href":"https:\/\/letempsjadisauction.com\/en\/wp-json\/wp\/v2\/product_brand?post=5220"},{"taxonomy":"product_cat","embeddable":true,"href":"https:\/\/letempsjadisauction.com\/en\/wp-json\/wp\/v2\/product_cat?post=5220"},{"taxonomy":"product_tag","embeddable":true,"href":"https:\/\/letempsjadisauction.com\/en\/wp-json\/wp\/v2\/product_tag?post=5220"}],"curies":[{"name":"wp","href":"https:\/\/api.w.org\/{rel}","templated":true}]}}