{"id":5222,"date":"2025-06-09T19:33:05","date_gmt":"2025-06-09T19:33:05","guid":{"rendered":"https:\/\/letempsjadisauction.com\/?post_type=product&#038;p=5222"},"modified":"2025-06-09T19:33:05","modified_gmt":"2025-06-09T19:33:05","slug":"73-bimini-fritz-lampl-service-a-liqueur-rose-saumon","status":"publish","type":"product","link":"https:\/\/letempsjadisauction.com\/en\/auction\/73-bimini-fritz-lampl-service-a-liqueur-rose-saumon\/","title":{"rendered":"73 Bimini, Fritz Lampl \u2013 Service \u00e0 liqueur rose saumon"},"content":{"rendered":"<p>Bimini, Fritz Lampl, service \u00e0 liqueur rose saumon comprenant une carafe \u00e0 d\u00e9cor torsad\u00e9 et six verres assortis. Anses, prises et n\u0153uds orn\u00e9s de grappe de raisin, verre color\u00e9 souffl\u00e9, vers 1930, p\u00e9riode Art d\u00e9co, 21 cm de haut la carafe, et 10 cm de haut<\/p>","protected":false},"excerpt":{"rendered":"<p>Bimini, Fritz Lampl \u2013 Service \u00e0 liqueur rose saumon<\/p>","protected":false},"featured_media":4699,"template":"","meta":{"_acf_changed":false,"inline_featured_image":false},"online_sale":[55],"product_brand":[],"product_cat":[18],"product_tag":[],"class_list":{"0":"post-5222","1":"product","2":"type-product","3":"status-publish","4":"has-post-thumbnail","6":"online_sale-juin-2025","7":"product_cat-non-classe","9":"first","10":"instock","11":"shipping-taxable","12":"purchasable","13":"product-type-auction"},"acf":[],"_links":{"self":[{"href":"https:\/\/letempsjadisauction.com\/en\/wp-json\/wp\/v2\/product\/5222","targetHints":{"allow":["GET"]}}],"collection":[{"href":"https:\/\/letempsjadisauction.com\/en\/wp-json\/wp\/v2\/product"}],"about":[{"href":"https:\/\/letempsjadisauction.com\/en\/wp-json\/wp\/v2\/types\/product"}],"wp:featuredmedia":[{"embeddable":true,"href":"https:\/\/letempsjadisauction.com\/en\/wp-json\/wp\/v2\/media\/4699"}],"wp:attachment":[{"href":"https:\/\/letempsjadisauction.com\/en\/wp-json\/wp\/v2\/media?parent=5222"}],"wp:term":[{"taxonomy":"online_sale","embeddable":true,"href":"https:\/\/letempsjadisauction.com\/en\/wp-json\/wp\/v2\/online_sale?post=5222"},{"taxonomy":"product_brand","embeddable":true,"href":"https:\/\/letempsjadisauction.com\/en\/wp-json\/wp\/v2\/product_brand?post=5222"},{"taxonomy":"product_cat","embeddable":true,"href":"https:\/\/letempsjadisauction.com\/en\/wp-json\/wp\/v2\/product_cat?post=5222"},{"taxonomy":"product_tag","embeddable":true,"href":"https:\/\/letempsjadisauction.com\/en\/wp-json\/wp\/v2\/product_tag?post=5222"}],"curies":[{"name":"wp","href":"https:\/\/api.w.org\/{rel}","templated":true}]}}