{"id":5223,"date":"2025-06-09T19:31:41","date_gmt":"2025-06-09T19:31:41","guid":{"rendered":"https:\/\/letempsjadisauction.com\/?post_type=product&#038;p=5223"},"modified":"2025-06-19T19:34:47","modified_gmt":"2025-06-19T19:34:47","slug":"74-mappin-webb-pot-a-miel-en-forme-dabeille","status":"publish","type":"product","link":"https:\/\/letempsjadisauction.com\/en\/auction\/74-mappin-webb-pot-a-miel-en-forme-dabeille\/","title":{"rendered":"74 Mappin &#038; Webb \u2013 Pot \u00e0 miel en forme d\u2019abeille"},"content":{"rendered":"<p>Mappin &#038; Webb, pot \u00e0 miel en forme d&rsquo;abeille, corps en m\u00e9tal argent\u00e9 et verre rouge rubis souffl\u00e9, vers 1920-30, 18 x 14 x 8,5 cm, Mappin &#038; Webb, London &#038; Sheffield, Mappin Plate, mod\u00e8le\u00a0n\u00b0\u00a0W11618<\/p>","protected":false},"excerpt":{"rendered":"<p>Mappin &#038; Webb \u2013 Pot \u00e0 miel en forme d\u2019abeille<\/p>","protected":false},"featured_media":4702,"template":"","meta":{"_acf_changed":false,"inline_featured_image":false},"online_sale":[55],"product_brand":[],"product_cat":[18],"product_tag":[],"class_list":{"0":"post-5223","1":"product","2":"type-product","3":"status-publish","4":"has-post-thumbnail","6":"online_sale-juin-2025","7":"product_cat-non-classe","9":"first","10":"instock","11":"shipping-taxable","12":"purchasable","13":"product-type-auction"},"acf":[],"_links":{"self":[{"href":"https:\/\/letempsjadisauction.com\/en\/wp-json\/wp\/v2\/product\/5223","targetHints":{"allow":["GET"]}}],"collection":[{"href":"https:\/\/letempsjadisauction.com\/en\/wp-json\/wp\/v2\/product"}],"about":[{"href":"https:\/\/letempsjadisauction.com\/en\/wp-json\/wp\/v2\/types\/product"}],"wp:featuredmedia":[{"embeddable":true,"href":"https:\/\/letempsjadisauction.com\/en\/wp-json\/wp\/v2\/media\/4702"}],"wp:attachment":[{"href":"https:\/\/letempsjadisauction.com\/en\/wp-json\/wp\/v2\/media?parent=5223"}],"wp:term":[{"taxonomy":"online_sale","embeddable":true,"href":"https:\/\/letempsjadisauction.com\/en\/wp-json\/wp\/v2\/online_sale?post=5223"},{"taxonomy":"product_brand","embeddable":true,"href":"https:\/\/letempsjadisauction.com\/en\/wp-json\/wp\/v2\/product_brand?post=5223"},{"taxonomy":"product_cat","embeddable":true,"href":"https:\/\/letempsjadisauction.com\/en\/wp-json\/wp\/v2\/product_cat?post=5223"},{"taxonomy":"product_tag","embeddable":true,"href":"https:\/\/letempsjadisauction.com\/en\/wp-json\/wp\/v2\/product_tag?post=5223"}],"curies":[{"name":"wp","href":"https:\/\/api.w.org\/{rel}","templated":true}]}}