{"id":5228,"date":"2025-06-09T19:31:42","date_gmt":"2025-06-09T19:31:42","guid":{"rendered":"https:\/\/letempsjadisauction.com\/?post_type=product&#038;p=5228"},"modified":"2025-06-09T19:31:42","modified_gmt":"2025-06-09T19:31:42","slug":"79-anonyme-vase-balustre-a-aras","status":"publish","type":"product","link":"https:\/\/letempsjadisauction.com\/en\/auction\/79-anonyme-vase-balustre-a-aras\/","title":{"rendered":"79 Anonyme \u2013 Vase balustre \u00e0 aras"},"content":{"rendered":"<p>France ou Belgique, vase de forme balustre, pr\u00e9sentant un d\u00e9cor aux glacures coulantes dans les tons bleu, orange et cr\u00e8me. Les anses sont orn\u00e9es de deux aras, 20e si\u00e8cle, 51 cm. <\/p>","protected":false},"excerpt":{"rendered":"<p>Anonyme \u2013 Vase balustre \u00e0 aras<\/p>","protected":false},"featured_media":4722,"template":"","meta":{"_acf_changed":false,"inline_featured_image":false},"online_sale":[55],"product_brand":[],"product_cat":[18],"product_tag":[],"class_list":{"0":"post-5228","1":"product","2":"type-product","3":"status-publish","4":"has-post-thumbnail","6":"online_sale-juin-2025","7":"product_cat-non-classe","9":"first","10":"instock","11":"shipping-taxable","12":"purchasable","13":"product-type-auction"},"acf":[],"_links":{"self":[{"href":"https:\/\/letempsjadisauction.com\/en\/wp-json\/wp\/v2\/product\/5228","targetHints":{"allow":["GET"]}}],"collection":[{"href":"https:\/\/letempsjadisauction.com\/en\/wp-json\/wp\/v2\/product"}],"about":[{"href":"https:\/\/letempsjadisauction.com\/en\/wp-json\/wp\/v2\/types\/product"}],"wp:featuredmedia":[{"embeddable":true,"href":"https:\/\/letempsjadisauction.com\/en\/wp-json\/wp\/v2\/media\/4722"}],"wp:attachment":[{"href":"https:\/\/letempsjadisauction.com\/en\/wp-json\/wp\/v2\/media?parent=5228"}],"wp:term":[{"taxonomy":"online_sale","embeddable":true,"href":"https:\/\/letempsjadisauction.com\/en\/wp-json\/wp\/v2\/online_sale?post=5228"},{"taxonomy":"product_brand","embeddable":true,"href":"https:\/\/letempsjadisauction.com\/en\/wp-json\/wp\/v2\/product_brand?post=5228"},{"taxonomy":"product_cat","embeddable":true,"href":"https:\/\/letempsjadisauction.com\/en\/wp-json\/wp\/v2\/product_cat?post=5228"},{"taxonomy":"product_tag","embeddable":true,"href":"https:\/\/letempsjadisauction.com\/en\/wp-json\/wp\/v2\/product_tag?post=5228"}],"curies":[{"name":"wp","href":"https:\/\/api.w.org\/{rel}","templated":true}]}}