{"id":5230,"date":"2025-06-09T19:31:41","date_gmt":"2025-06-09T19:31:41","guid":{"rendered":"https:\/\/letempsjadisauction.com\/?post_type=product&#038;p=5230"},"modified":"2025-06-09T19:31:41","modified_gmt":"2025-06-09T19:31:41","slug":"81-japon-paire-de-lampes-en-porcelaine-de-satsuma","status":"publish","type":"product","link":"https:\/\/letempsjadisauction.com\/en\/auction\/81-japon-paire-de-lampes-en-porcelaine-de-satsuma\/","title":{"rendered":"81 Japon \u2013 Paire de lampes en porcelaine de Satsuma"},"content":{"rendered":"<p>Japon, paire de lampes en porcelaine de Satsuma figurant des personnages de cour dans un jardin, porcelaine \u00e9maill\u00e9e et dor\u00e9e, monture en bronze cisel\u00e9 et dor\u00e9 \u00e0 d\u00e9cor de t\u00eates d&rsquo;\u00e9l\u00e9phants, vers 1880-1900, \u00e9poque Meiji, hauteur 59 cm sans les becquets . <\/p>","protected":false},"excerpt":{"rendered":"<p>Japon \u2013 Paire de lampes en porcelaine de Satsuma<\/p>","protected":false},"featured_media":4733,"template":"","meta":{"_acf_changed":false,"inline_featured_image":false},"online_sale":[55],"product_brand":[],"product_cat":[18],"product_tag":[],"class_list":{"0":"post-5230","1":"product","2":"type-product","3":"status-publish","4":"has-post-thumbnail","6":"online_sale-juin-2025","7":"product_cat-non-classe","9":"first","10":"instock","11":"shipping-taxable","12":"purchasable","13":"product-type-auction"},"acf":[],"_links":{"self":[{"href":"https:\/\/letempsjadisauction.com\/en\/wp-json\/wp\/v2\/product\/5230","targetHints":{"allow":["GET"]}}],"collection":[{"href":"https:\/\/letempsjadisauction.com\/en\/wp-json\/wp\/v2\/product"}],"about":[{"href":"https:\/\/letempsjadisauction.com\/en\/wp-json\/wp\/v2\/types\/product"}],"wp:featuredmedia":[{"embeddable":true,"href":"https:\/\/letempsjadisauction.com\/en\/wp-json\/wp\/v2\/media\/4733"}],"wp:attachment":[{"href":"https:\/\/letempsjadisauction.com\/en\/wp-json\/wp\/v2\/media?parent=5230"}],"wp:term":[{"taxonomy":"online_sale","embeddable":true,"href":"https:\/\/letempsjadisauction.com\/en\/wp-json\/wp\/v2\/online_sale?post=5230"},{"taxonomy":"product_brand","embeddable":true,"href":"https:\/\/letempsjadisauction.com\/en\/wp-json\/wp\/v2\/product_brand?post=5230"},{"taxonomy":"product_cat","embeddable":true,"href":"https:\/\/letempsjadisauction.com\/en\/wp-json\/wp\/v2\/product_cat?post=5230"},{"taxonomy":"product_tag","embeddable":true,"href":"https:\/\/letempsjadisauction.com\/en\/wp-json\/wp\/v2\/product_tag?post=5230"}],"curies":[{"name":"wp","href":"https:\/\/api.w.org\/{rel}","templated":true}]}}