{"id":5232,"date":"2025-06-09T19:31:39","date_gmt":"2025-06-09T19:31:39","guid":{"rendered":"https:\/\/letempsjadisauction.com\/?post_type=product&#038;p=5232"},"modified":"2025-06-25T10:44:01","modified_gmt":"2025-06-25T10:44:01","slug":"83-japon-pique-cierge-au-sage-et-grue","status":"publish","type":"product","link":"https:\/\/letempsjadisauction.com\/en\/auction\/83-japon-pique-cierge-au-sage-et-grue\/","title":{"rendered":"83 Japon \u2013 Pique-cierge au sage et grue"},"content":{"rendered":"<p>Japon, pique-cierge orn\u00e9 en bas-relief d&rsquo;un sage nourrissant une grue dans un paysage stylis\u00e9, bronze patin\u00e9, fin 19e si\u00e8cle, p\u00e9riode meiji, 30 x 10 cm<\/p>","protected":false},"excerpt":{"rendered":"<p>Japon \u2013 Pique-cierge au sage et grue<\/p>","protected":false},"featured_media":4744,"template":"","meta":{"_acf_changed":false,"inline_featured_image":false},"online_sale":[55],"product_brand":[],"product_cat":[18],"product_tag":[],"class_list":{"0":"post-5232","1":"product","2":"type-product","3":"status-publish","4":"has-post-thumbnail","6":"online_sale-juin-2025","7":"product_cat-non-classe","9":"first","10":"instock","11":"shipping-taxable","12":"purchasable","13":"product-type-auction"},"acf":[],"_links":{"self":[{"href":"https:\/\/letempsjadisauction.com\/en\/wp-json\/wp\/v2\/product\/5232","targetHints":{"allow":["GET"]}}],"collection":[{"href":"https:\/\/letempsjadisauction.com\/en\/wp-json\/wp\/v2\/product"}],"about":[{"href":"https:\/\/letempsjadisauction.com\/en\/wp-json\/wp\/v2\/types\/product"}],"wp:featuredmedia":[{"embeddable":true,"href":"https:\/\/letempsjadisauction.com\/en\/wp-json\/wp\/v2\/media\/4744"}],"wp:attachment":[{"href":"https:\/\/letempsjadisauction.com\/en\/wp-json\/wp\/v2\/media?parent=5232"}],"wp:term":[{"taxonomy":"online_sale","embeddable":true,"href":"https:\/\/letempsjadisauction.com\/en\/wp-json\/wp\/v2\/online_sale?post=5232"},{"taxonomy":"product_brand","embeddable":true,"href":"https:\/\/letempsjadisauction.com\/en\/wp-json\/wp\/v2\/product_brand?post=5232"},{"taxonomy":"product_cat","embeddable":true,"href":"https:\/\/letempsjadisauction.com\/en\/wp-json\/wp\/v2\/product_cat?post=5232"},{"taxonomy":"product_tag","embeddable":true,"href":"https:\/\/letempsjadisauction.com\/en\/wp-json\/wp\/v2\/product_tag?post=5232"}],"curies":[{"name":"wp","href":"https:\/\/api.w.org\/{rel}","templated":true}]}}