{"id":5233,"date":"2025-06-09T19:31:40","date_gmt":"2025-06-09T19:31:40","guid":{"rendered":"https:\/\/letempsjadisauction.com\/?post_type=product&#038;p=5233"},"modified":"2025-06-25T10:49:02","modified_gmt":"2025-06-25T10:49:02","slug":"84-chine-paire-de-grues-en-porcelaine","status":"publish","type":"product","link":"https:\/\/letempsjadisauction.com\/en\/auction\/84-chine-paire-de-grues-en-porcelaine\/","title":{"rendered":"84 Chine \u2013 Paire de grues en porcelaine"},"content":{"rendered":"<p>Chine, paire de sculptures repr\u00e9sentant deux grues perch\u00e9es sur des souches, porcelaine emaill\u00e9e, 20e si\u00e8cle, 32 cm, un bec restaur\u00e9.<\/p>","protected":false},"excerpt":{"rendered":"<p>Chine \u2013 Paire de grues en porcelaine<\/p>","protected":false},"featured_media":4749,"template":"","meta":{"_acf_changed":false,"inline_featured_image":false},"online_sale":[55],"product_brand":[],"product_cat":[18],"product_tag":[],"class_list":{"0":"post-5233","1":"product","2":"type-product","3":"status-publish","4":"has-post-thumbnail","6":"online_sale-juin-2025","7":"product_cat-non-classe","9":"first","10":"instock","11":"shipping-taxable","12":"purchasable","13":"product-type-auction"},"acf":[],"_links":{"self":[{"href":"https:\/\/letempsjadisauction.com\/en\/wp-json\/wp\/v2\/product\/5233","targetHints":{"allow":["GET"]}}],"collection":[{"href":"https:\/\/letempsjadisauction.com\/en\/wp-json\/wp\/v2\/product"}],"about":[{"href":"https:\/\/letempsjadisauction.com\/en\/wp-json\/wp\/v2\/types\/product"}],"wp:featuredmedia":[{"embeddable":true,"href":"https:\/\/letempsjadisauction.com\/en\/wp-json\/wp\/v2\/media\/4749"}],"wp:attachment":[{"href":"https:\/\/letempsjadisauction.com\/en\/wp-json\/wp\/v2\/media?parent=5233"}],"wp:term":[{"taxonomy":"online_sale","embeddable":true,"href":"https:\/\/letempsjadisauction.com\/en\/wp-json\/wp\/v2\/online_sale?post=5233"},{"taxonomy":"product_brand","embeddable":true,"href":"https:\/\/letempsjadisauction.com\/en\/wp-json\/wp\/v2\/product_brand?post=5233"},{"taxonomy":"product_cat","embeddable":true,"href":"https:\/\/letempsjadisauction.com\/en\/wp-json\/wp\/v2\/product_cat?post=5233"},{"taxonomy":"product_tag","embeddable":true,"href":"https:\/\/letempsjadisauction.com\/en\/wp-json\/wp\/v2\/product_tag?post=5233"}],"curies":[{"name":"wp","href":"https:\/\/api.w.org\/{rel}","templated":true}]}}