{"id":5236,"date":"2025-06-09T19:31:40","date_gmt":"2025-06-09T19:31:40","guid":{"rendered":"https:\/\/letempsjadisauction.com\/?post_type=product&#038;p=5236"},"modified":"2025-06-22T12:27:13","modified_gmt":"2025-06-22T12:27:13","slug":"87-chine-paire-de-broderies-de-jardin","status":"publish","type":"product","link":"https:\/\/letempsjadisauction.com\/en\/auction\/87-chine-paire-de-broderies-de-jardin\/","title":{"rendered":"87 Chine \u2013 Paire de broderies"},"content":{"rendered":"<p>Chine, paire de broderies avec un d\u00e9cor de jeunes femmes au milieu d&rsquo;un jardin arbor\u00e9 de faisan, papillons et de fleurs,soie brod\u00e9e polychrome, r\u00e9publique de chine (?), 19 x 25 cm<\/p>","protected":false},"excerpt":{"rendered":"<p>Chine \u2013 Paire de broderies<\/p>","protected":false},"featured_media":4767,"template":"","meta":{"_acf_changed":false,"inline_featured_image":false},"online_sale":[55],"product_brand":[],"product_cat":[18],"product_tag":[],"class_list":{"0":"post-5236","1":"product","2":"type-product","3":"status-publish","4":"has-post-thumbnail","6":"online_sale-juin-2025","7":"product_cat-non-classe","9":"first","10":"instock","11":"shipping-taxable","12":"purchasable","13":"product-type-auction"},"acf":[],"_links":{"self":[{"href":"https:\/\/letempsjadisauction.com\/en\/wp-json\/wp\/v2\/product\/5236","targetHints":{"allow":["GET"]}}],"collection":[{"href":"https:\/\/letempsjadisauction.com\/en\/wp-json\/wp\/v2\/product"}],"about":[{"href":"https:\/\/letempsjadisauction.com\/en\/wp-json\/wp\/v2\/types\/product"}],"wp:featuredmedia":[{"embeddable":true,"href":"https:\/\/letempsjadisauction.com\/en\/wp-json\/wp\/v2\/media\/4767"}],"wp:attachment":[{"href":"https:\/\/letempsjadisauction.com\/en\/wp-json\/wp\/v2\/media?parent=5236"}],"wp:term":[{"taxonomy":"online_sale","embeddable":true,"href":"https:\/\/letempsjadisauction.com\/en\/wp-json\/wp\/v2\/online_sale?post=5236"},{"taxonomy":"product_brand","embeddable":true,"href":"https:\/\/letempsjadisauction.com\/en\/wp-json\/wp\/v2\/product_brand?post=5236"},{"taxonomy":"product_cat","embeddable":true,"href":"https:\/\/letempsjadisauction.com\/en\/wp-json\/wp\/v2\/product_cat?post=5236"},{"taxonomy":"product_tag","embeddable":true,"href":"https:\/\/letempsjadisauction.com\/en\/wp-json\/wp\/v2\/product_tag?post=5236"}],"curies":[{"name":"wp","href":"https:\/\/api.w.org\/{rel}","templated":true}]}}