{"id":5237,"date":"2025-06-09T19:31:41","date_gmt":"2025-06-09T19:31:41","guid":{"rendered":"https:\/\/letempsjadisauction.com\/?post_type=product&#038;p=5237"},"modified":"2025-06-09T19:31:41","modified_gmt":"2025-06-09T19:31:41","slug":"88-japon-plat-decoratif-aux-geishas","status":"publish","type":"product","link":"https:\/\/letempsjadisauction.com\/en\/auction\/88-japon-plat-decoratif-aux-geishas\/","title":{"rendered":"88 Japon \u2013 Plat d\u00e9coratif aux geishas"},"content":{"rendered":"<p>Japon, plat d\u00e9coratif aux geishas sous les c\u00e9risiers, porcelaine \u00e9maill\u00e9e polychrome, d\u00e9cor peint \u00e0 la main, vers 1920-1940, p\u00e9riode Taisho ou d\u00e9but Showa, 27,5 cm<\/p>","protected":false},"excerpt":{"rendered":"<p>Japon \u2013 Plat d\u00e9coratif aux geishas<\/p>","protected":false},"featured_media":4769,"template":"","meta":{"_acf_changed":false,"inline_featured_image":false},"online_sale":[55],"product_brand":[],"product_cat":[18],"product_tag":[],"class_list":{"0":"post-5237","1":"product","2":"type-product","3":"status-publish","4":"has-post-thumbnail","6":"online_sale-juin-2025","7":"product_cat-non-classe","9":"first","10":"instock","11":"shipping-taxable","12":"purchasable","13":"product-type-auction"},"acf":[],"_links":{"self":[{"href":"https:\/\/letempsjadisauction.com\/en\/wp-json\/wp\/v2\/product\/5237","targetHints":{"allow":["GET"]}}],"collection":[{"href":"https:\/\/letempsjadisauction.com\/en\/wp-json\/wp\/v2\/product"}],"about":[{"href":"https:\/\/letempsjadisauction.com\/en\/wp-json\/wp\/v2\/types\/product"}],"wp:featuredmedia":[{"embeddable":true,"href":"https:\/\/letempsjadisauction.com\/en\/wp-json\/wp\/v2\/media\/4769"}],"wp:attachment":[{"href":"https:\/\/letempsjadisauction.com\/en\/wp-json\/wp\/v2\/media?parent=5237"}],"wp:term":[{"taxonomy":"online_sale","embeddable":true,"href":"https:\/\/letempsjadisauction.com\/en\/wp-json\/wp\/v2\/online_sale?post=5237"},{"taxonomy":"product_brand","embeddable":true,"href":"https:\/\/letempsjadisauction.com\/en\/wp-json\/wp\/v2\/product_brand?post=5237"},{"taxonomy":"product_cat","embeddable":true,"href":"https:\/\/letempsjadisauction.com\/en\/wp-json\/wp\/v2\/product_cat?post=5237"},{"taxonomy":"product_tag","embeddable":true,"href":"https:\/\/letempsjadisauction.com\/en\/wp-json\/wp\/v2\/product_tag?post=5237"}],"curies":[{"name":"wp","href":"https:\/\/api.w.org\/{rel}","templated":true}]}}