{"id":5241,"date":"2025-06-09T19:31:38","date_gmt":"2025-06-09T19:31:38","guid":{"rendered":"https:\/\/letempsjadisauction.com\/?post_type=product&#038;p=5241"},"modified":"2025-06-09T19:31:38","modified_gmt":"2025-06-09T19:31:38","slug":"92-republique-democratique-du-congo-tetes-stylisees-en-malachite","status":"publish","type":"product","link":"https:\/\/letempsjadisauction.com\/en\/auction\/92-republique-democratique-du-congo-tetes-stylisees-en-malachite\/","title":{"rendered":"92 R\u00e9publique D\u00e9mocratique du Congo \u2013 T\u00eates stylis\u00e9es en malachite"},"content":{"rendered":"<p>Republique d\u00e9mocratique du Congo, t\u00eate stylis\u00e9e, malachite, 20e si\u00e8cle, 27 x 22 cm. <\/p>","protected":false},"excerpt":{"rendered":"<p>R\u00e9publique D\u00e9mocratique du Congo \u2013 T\u00eates stylis\u00e9es en malachite <\/p>","protected":false},"featured_media":4783,"template":"","meta":{"_acf_changed":false,"inline_featured_image":false},"online_sale":[55],"product_brand":[],"product_cat":[18],"product_tag":[],"class_list":{"0":"post-5241","1":"product","2":"type-product","3":"status-publish","4":"has-post-thumbnail","6":"online_sale-juin-2025","7":"product_cat-non-classe","9":"first","10":"instock","11":"shipping-taxable","12":"purchasable","13":"product-type-auction"},"acf":[],"_links":{"self":[{"href":"https:\/\/letempsjadisauction.com\/en\/wp-json\/wp\/v2\/product\/5241","targetHints":{"allow":["GET"]}}],"collection":[{"href":"https:\/\/letempsjadisauction.com\/en\/wp-json\/wp\/v2\/product"}],"about":[{"href":"https:\/\/letempsjadisauction.com\/en\/wp-json\/wp\/v2\/types\/product"}],"wp:featuredmedia":[{"embeddable":true,"href":"https:\/\/letempsjadisauction.com\/en\/wp-json\/wp\/v2\/media\/4783"}],"wp:attachment":[{"href":"https:\/\/letempsjadisauction.com\/en\/wp-json\/wp\/v2\/media?parent=5241"}],"wp:term":[{"taxonomy":"online_sale","embeddable":true,"href":"https:\/\/letempsjadisauction.com\/en\/wp-json\/wp\/v2\/online_sale?post=5241"},{"taxonomy":"product_brand","embeddable":true,"href":"https:\/\/letempsjadisauction.com\/en\/wp-json\/wp\/v2\/product_brand?post=5241"},{"taxonomy":"product_cat","embeddable":true,"href":"https:\/\/letempsjadisauction.com\/en\/wp-json\/wp\/v2\/product_cat?post=5241"},{"taxonomy":"product_tag","embeddable":true,"href":"https:\/\/letempsjadisauction.com\/en\/wp-json\/wp\/v2\/product_tag?post=5241"}],"curies":[{"name":"wp","href":"https:\/\/api.w.org\/{rel}","templated":true}]}}