{"id":5252,"date":"2025-06-09T19:30:56","date_gmt":"2025-06-09T19:30:56","guid":{"rendered":"https:\/\/letempsjadisauction.com\/?post_type=product&#038;p=5252"},"modified":"2025-06-25T11:24:02","modified_gmt":"2025-06-25T11:24:02","slug":"103-republique-democratique-du-congo-statue-bakongo-a-registres","status":"publish","type":"product","link":"https:\/\/letempsjadisauction.com\/en\/auction\/103-republique-democratique-du-congo-statue-bakongo-a-registres\/","title":{"rendered":"103 R\u00e9publique D\u00e9mocratique du Congo \u2013 Figurine Kongo\/Bakongo, ntadi \u00e0 registres"},"content":{"rendered":"<p>R\u00e9publique D\u00e9mocratique du Congo \u2013 Figurine Kongo\/Bakongo, ntadi , statue sur plusieurs registres, pierre taill\u00e9e, 19e-20e si\u00e8cle, 38 x 9 cm<\/p>","protected":false},"excerpt":{"rendered":"<p>R\u00e9publique D\u00e9mocratique du Congo \u2013 Figurine Kongo\/Bakongo, ntadi, \u00e0 registres<\/p>","protected":false},"featured_media":4820,"template":"","meta":{"_acf_changed":false,"inline_featured_image":false},"online_sale":[55],"product_brand":[],"product_cat":[18],"product_tag":[],"class_list":{"0":"post-5252","1":"product","2":"type-product","3":"status-publish","4":"has-post-thumbnail","6":"online_sale-juin-2025","7":"product_cat-non-classe","9":"first","10":"instock","11":"shipping-taxable","12":"purchasable","13":"product-type-auction"},"acf":[],"_links":{"self":[{"href":"https:\/\/letempsjadisauction.com\/en\/wp-json\/wp\/v2\/product\/5252","targetHints":{"allow":["GET"]}}],"collection":[{"href":"https:\/\/letempsjadisauction.com\/en\/wp-json\/wp\/v2\/product"}],"about":[{"href":"https:\/\/letempsjadisauction.com\/en\/wp-json\/wp\/v2\/types\/product"}],"wp:featuredmedia":[{"embeddable":true,"href":"https:\/\/letempsjadisauction.com\/en\/wp-json\/wp\/v2\/media\/4820"}],"wp:attachment":[{"href":"https:\/\/letempsjadisauction.com\/en\/wp-json\/wp\/v2\/media?parent=5252"}],"wp:term":[{"taxonomy":"online_sale","embeddable":true,"href":"https:\/\/letempsjadisauction.com\/en\/wp-json\/wp\/v2\/online_sale?post=5252"},{"taxonomy":"product_brand","embeddable":true,"href":"https:\/\/letempsjadisauction.com\/en\/wp-json\/wp\/v2\/product_brand?post=5252"},{"taxonomy":"product_cat","embeddable":true,"href":"https:\/\/letempsjadisauction.com\/en\/wp-json\/wp\/v2\/product_cat?post=5252"},{"taxonomy":"product_tag","embeddable":true,"href":"https:\/\/letempsjadisauction.com\/en\/wp-json\/wp\/v2\/product_tag?post=5252"}],"curies":[{"name":"wp","href":"https:\/\/api.w.org\/{rel}","templated":true}]}}