{"id":5253,"date":"2025-06-09T19:30:56","date_gmt":"2025-06-09T19:30:56","guid":{"rendered":"https:\/\/letempsjadisauction.com\/?post_type=product&#038;p=5253"},"modified":"2025-06-25T11:26:03","modified_gmt":"2025-06-25T11:26:03","slug":"104-republique-democratique-du-congo-fetiche-a-clous-nkisi-nkondi","status":"publish","type":"product","link":"https:\/\/letempsjadisauction.com\/en\/auction\/104-republique-democratique-du-congo-fetiche-a-clous-nkisi-nkondi\/","title":{"rendered":"104 R\u00e9publique D\u00e9mocratique du Congo \u2013 F\u00e9tiche \u00e0 clous Nkisi Nkondi"},"content":{"rendered":"<p>Republique d\u00e9mocratique du Congo, peuple Kongo ou Yombe ?, f\u00e9tiche \u00e0 clous (Nkisi Nkondi), bois sculpt\u00e9, tissu, m\u00e9tal, clous, cordages et charges magico-religieuses, 19e-d\u00e9but 20e si\u00e8cle, 36 x 22 cm<\/p>","protected":false},"excerpt":{"rendered":"<p>R\u00e9publique D\u00e9mocratique du Congo \u2013 F\u00e9tiche \u00e0 clous Nkisi Nkondi<\/p>","protected":false},"featured_media":4825,"template":"","meta":{"_acf_changed":false,"inline_featured_image":false},"online_sale":[55],"product_brand":[],"product_cat":[18],"product_tag":[],"class_list":{"0":"post-5253","1":"product","2":"type-product","3":"status-publish","4":"has-post-thumbnail","6":"online_sale-juin-2025","7":"product_cat-non-classe","9":"first","10":"instock","11":"shipping-taxable","12":"purchasable","13":"product-type-auction"},"acf":[],"_links":{"self":[{"href":"https:\/\/letempsjadisauction.com\/en\/wp-json\/wp\/v2\/product\/5253","targetHints":{"allow":["GET"]}}],"collection":[{"href":"https:\/\/letempsjadisauction.com\/en\/wp-json\/wp\/v2\/product"}],"about":[{"href":"https:\/\/letempsjadisauction.com\/en\/wp-json\/wp\/v2\/types\/product"}],"wp:featuredmedia":[{"embeddable":true,"href":"https:\/\/letempsjadisauction.com\/en\/wp-json\/wp\/v2\/media\/4825"}],"wp:attachment":[{"href":"https:\/\/letempsjadisauction.com\/en\/wp-json\/wp\/v2\/media?parent=5253"}],"wp:term":[{"taxonomy":"online_sale","embeddable":true,"href":"https:\/\/letempsjadisauction.com\/en\/wp-json\/wp\/v2\/online_sale?post=5253"},{"taxonomy":"product_brand","embeddable":true,"href":"https:\/\/letempsjadisauction.com\/en\/wp-json\/wp\/v2\/product_brand?post=5253"},{"taxonomy":"product_cat","embeddable":true,"href":"https:\/\/letempsjadisauction.com\/en\/wp-json\/wp\/v2\/product_cat?post=5253"},{"taxonomy":"product_tag","embeddable":true,"href":"https:\/\/letempsjadisauction.com\/en\/wp-json\/wp\/v2\/product_tag?post=5253"}],"curies":[{"name":"wp","href":"https:\/\/api.w.org\/{rel}","templated":true}]}}