{"id":5259,"date":"2025-06-09T19:30:55","date_gmt":"2025-06-09T19:30:55","guid":{"rendered":"https:\/\/letempsjadisauction.com\/?post_type=product&#038;p=5259"},"modified":"2025-06-25T11:50:03","modified_gmt":"2025-06-25T11:50:03","slug":"110-inde-du-nord-dague-katar","status":"publish","type":"product","link":"https:\/\/letempsjadisauction.com\/en\/auction\/110-inde-du-nord-dague-katar\/","title":{"rendered":"110 Inde du nord \u2013 Dague Katar"},"content":{"rendered":"<p>Inde du nord, dague Katar, poignard traditionnel indien. Lame triangulaire \u00e0 arr\u00eates et \u00e0 doubles tranchants, poign\u00e9e \u00e0 deux passants. Fourreau en m\u00e9tal damasquin\u00e9.<\/p>","protected":false},"excerpt":{"rendered":"<p>Inde du nord \u2013 Dague Katar<\/p>","protected":false},"featured_media":4851,"template":"","meta":{"_acf_changed":false,"inline_featured_image":false},"online_sale":[55],"product_brand":[],"product_cat":[18],"product_tag":[],"class_list":{"0":"post-5259","1":"product","2":"type-product","3":"status-publish","4":"has-post-thumbnail","6":"online_sale-juin-2025","7":"product_cat-non-classe","9":"first","10":"instock","11":"shipping-taxable","12":"purchasable","13":"product-type-auction"},"acf":[],"_links":{"self":[{"href":"https:\/\/letempsjadisauction.com\/en\/wp-json\/wp\/v2\/product\/5259","targetHints":{"allow":["GET"]}}],"collection":[{"href":"https:\/\/letempsjadisauction.com\/en\/wp-json\/wp\/v2\/product"}],"about":[{"href":"https:\/\/letempsjadisauction.com\/en\/wp-json\/wp\/v2\/types\/product"}],"wp:featuredmedia":[{"embeddable":true,"href":"https:\/\/letempsjadisauction.com\/en\/wp-json\/wp\/v2\/media\/4851"}],"wp:attachment":[{"href":"https:\/\/letempsjadisauction.com\/en\/wp-json\/wp\/v2\/media?parent=5259"}],"wp:term":[{"taxonomy":"online_sale","embeddable":true,"href":"https:\/\/letempsjadisauction.com\/en\/wp-json\/wp\/v2\/online_sale?post=5259"},{"taxonomy":"product_brand","embeddable":true,"href":"https:\/\/letempsjadisauction.com\/en\/wp-json\/wp\/v2\/product_brand?post=5259"},{"taxonomy":"product_cat","embeddable":true,"href":"https:\/\/letempsjadisauction.com\/en\/wp-json\/wp\/v2\/product_cat?post=5259"},{"taxonomy":"product_tag","embeddable":true,"href":"https:\/\/letempsjadisauction.com\/en\/wp-json\/wp\/v2\/product_tag?post=5259"}],"curies":[{"name":"wp","href":"https:\/\/api.w.org\/{rel}","templated":true}]}}