{"id":5261,"date":"2025-06-09T19:30:55","date_gmt":"2025-06-09T19:30:55","guid":{"rendered":"https:\/\/letempsjadisauction.com\/?post_type=product&#038;p=5261"},"modified":"2025-06-25T11:42:21","modified_gmt":"2025-06-25T11:42:21","slug":"112-paul-serstre-tete-orientaliste","status":"publish","type":"product","link":"https:\/\/letempsjadisauction.com\/en\/auction\/112-paul-serstre-tete-orientaliste\/","title":{"rendered":"112 Paul Serst\u00e9 \u2013 T\u00eate orientaliste"},"content":{"rendered":"<p>Paul Serst\u00e9 (1910-2000), T\u00eate orientaliste, terre cuite patin\u00e9e, sign\u00e9e au dos, 37 cm de haut.<\/p>","protected":false},"excerpt":{"rendered":"<p>Paul Serst\u00e9 \u2013 T\u00eate orientaliste<\/p>","protected":false},"featured_media":4853,"template":"","meta":{"_acf_changed":false,"inline_featured_image":false},"online_sale":[55],"product_brand":[],"product_cat":[18],"product_tag":[],"class_list":{"0":"post-5261","1":"product","2":"type-product","3":"status-publish","4":"has-post-thumbnail","6":"online_sale-juin-2025","7":"product_cat-non-classe","9":"first","10":"instock","11":"shipping-taxable","12":"purchasable","13":"product-type-auction"},"acf":[],"_links":{"self":[{"href":"https:\/\/letempsjadisauction.com\/en\/wp-json\/wp\/v2\/product\/5261","targetHints":{"allow":["GET"]}}],"collection":[{"href":"https:\/\/letempsjadisauction.com\/en\/wp-json\/wp\/v2\/product"}],"about":[{"href":"https:\/\/letempsjadisauction.com\/en\/wp-json\/wp\/v2\/types\/product"}],"wp:featuredmedia":[{"embeddable":true,"href":"https:\/\/letempsjadisauction.com\/en\/wp-json\/wp\/v2\/media\/4853"}],"wp:attachment":[{"href":"https:\/\/letempsjadisauction.com\/en\/wp-json\/wp\/v2\/media?parent=5261"}],"wp:term":[{"taxonomy":"online_sale","embeddable":true,"href":"https:\/\/letempsjadisauction.com\/en\/wp-json\/wp\/v2\/online_sale?post=5261"},{"taxonomy":"product_brand","embeddable":true,"href":"https:\/\/letempsjadisauction.com\/en\/wp-json\/wp\/v2\/product_brand?post=5261"},{"taxonomy":"product_cat","embeddable":true,"href":"https:\/\/letempsjadisauction.com\/en\/wp-json\/wp\/v2\/product_cat?post=5261"},{"taxonomy":"product_tag","embeddable":true,"href":"https:\/\/letempsjadisauction.com\/en\/wp-json\/wp\/v2\/product_tag?post=5261"}],"curies":[{"name":"wp","href":"https:\/\/api.w.org\/{rel}","templated":true}]}}