{"id":5262,"date":"2025-06-09T19:29:46","date_gmt":"2025-06-09T19:29:46","guid":{"rendered":"https:\/\/letempsjadisauction.com\/?post_type=product&#038;p=5262"},"modified":"2025-06-09T19:29:46","modified_gmt":"2025-06-09T19:29:46","slug":"113-denisko-table-basse-moderniste","status":"publish","type":"product","link":"https:\/\/letempsjadisauction.com\/en\/auction\/113-denisko-table-basse-moderniste\/","title":{"rendered":"113 Denisko \u2013 Table basse moderniste"},"content":{"rendered":"<p>Denisko, table basse moderniste, structure en bois sombre, plateau en c\u00e9ramique \u00e9maill\u00e9e, encadrement en laiton, vers 1960, 132 x 72 x 35 cm.<\/p>","protected":false},"excerpt":{"rendered":"<p>Denisko \u2013 Table basse moderniste<\/p>","protected":false},"featured_media":4859,"template":"","meta":{"_acf_changed":false,"inline_featured_image":false},"online_sale":[55],"product_brand":[],"product_cat":[18],"product_tag":[],"class_list":{"0":"post-5262","1":"product","2":"type-product","3":"status-publish","4":"has-post-thumbnail","6":"online_sale-juin-2025","7":"product_cat-non-classe","9":"first","10":"instock","11":"shipping-taxable","12":"purchasable","13":"product-type-auction"},"acf":[],"_links":{"self":[{"href":"https:\/\/letempsjadisauction.com\/en\/wp-json\/wp\/v2\/product\/5262","targetHints":{"allow":["GET"]}}],"collection":[{"href":"https:\/\/letempsjadisauction.com\/en\/wp-json\/wp\/v2\/product"}],"about":[{"href":"https:\/\/letempsjadisauction.com\/en\/wp-json\/wp\/v2\/types\/product"}],"wp:featuredmedia":[{"embeddable":true,"href":"https:\/\/letempsjadisauction.com\/en\/wp-json\/wp\/v2\/media\/4859"}],"wp:attachment":[{"href":"https:\/\/letempsjadisauction.com\/en\/wp-json\/wp\/v2\/media?parent=5262"}],"wp:term":[{"taxonomy":"online_sale","embeddable":true,"href":"https:\/\/letempsjadisauction.com\/en\/wp-json\/wp\/v2\/online_sale?post=5262"},{"taxonomy":"product_brand","embeddable":true,"href":"https:\/\/letempsjadisauction.com\/en\/wp-json\/wp\/v2\/product_brand?post=5262"},{"taxonomy":"product_cat","embeddable":true,"href":"https:\/\/letempsjadisauction.com\/en\/wp-json\/wp\/v2\/product_cat?post=5262"},{"taxonomy":"product_tag","embeddable":true,"href":"https:\/\/letempsjadisauction.com\/en\/wp-json\/wp\/v2\/product_tag?post=5262"}],"curies":[{"name":"wp","href":"https:\/\/api.w.org\/{rel}","templated":true}]}}