{"id":5283,"date":"2025-06-09T19:28:44","date_gmt":"2025-06-09T19:28:44","guid":{"rendered":"https:\/\/letempsjadisauction.com\/?post_type=product&#038;p=5283"},"modified":"2025-06-09T19:28:44","modified_gmt":"2025-06-09T19:28:44","slug":"134-anonyme-chevaliere-or-18-carats-intaille-en-onyx","status":"publish","type":"product","link":"https:\/\/letempsjadisauction.com\/en\/auction\/134-anonyme-chevaliere-or-18-carats-intaille-en-onyx\/","title":{"rendered":"134 (Anonyme) \u2013 Chevali\u00e8re or 18 carats intaille en onyx"},"content":{"rendered":"<p>Chevali\u00e8re or 18 carats intaille en onyx avec repr\u00e9sentation d&rsquo;un personnage \u00e0 l&rsquo;antique Taille 52<\/p>","protected":false},"excerpt":{"rendered":"<p>(Anonyme) \u2013 Chevali\u00e8re or 18 carats intaille en onyx<\/p>","protected":false},"featured_media":0,"template":"","meta":{"_acf_changed":false,"inline_featured_image":false},"online_sale":[55],"product_brand":[],"product_cat":[18],"product_tag":[],"class_list":{"0":"post-5283","1":"product","2":"type-product","3":"status-publish","5":"online_sale-juin-2025","6":"product_cat-non-classe","8":"first","9":"instock","10":"shipping-taxable","11":"purchasable","12":"product-type-auction"},"acf":[],"_links":{"self":[{"href":"https:\/\/letempsjadisauction.com\/en\/wp-json\/wp\/v2\/product\/5283","targetHints":{"allow":["GET"]}}],"collection":[{"href":"https:\/\/letempsjadisauction.com\/en\/wp-json\/wp\/v2\/product"}],"about":[{"href":"https:\/\/letempsjadisauction.com\/en\/wp-json\/wp\/v2\/types\/product"}],"wp:attachment":[{"href":"https:\/\/letempsjadisauction.com\/en\/wp-json\/wp\/v2\/media?parent=5283"}],"wp:term":[{"taxonomy":"online_sale","embeddable":true,"href":"https:\/\/letempsjadisauction.com\/en\/wp-json\/wp\/v2\/online_sale?post=5283"},{"taxonomy":"product_brand","embeddable":true,"href":"https:\/\/letempsjadisauction.com\/en\/wp-json\/wp\/v2\/product_brand?post=5283"},{"taxonomy":"product_cat","embeddable":true,"href":"https:\/\/letempsjadisauction.com\/en\/wp-json\/wp\/v2\/product_cat?post=5283"},{"taxonomy":"product_tag","embeddable":true,"href":"https:\/\/letempsjadisauction.com\/en\/wp-json\/wp\/v2\/product_tag?post=5283"}],"curies":[{"name":"wp","href":"https:\/\/api.w.org\/{rel}","templated":true}]}}