{"id":5300,"date":"2025-06-09T19:28:42","date_gmt":"2025-06-09T19:28:42","guid":{"rendered":"https:\/\/letempsjadisauction.com\/?post_type=product&#038;p=5300"},"modified":"2025-06-25T13:00:11","modified_gmt":"2025-06-25T13:00:11","slug":"151-anonyme-plateau-rond-en-argent","status":"publish","type":"product","link":"https:\/\/letempsjadisauction.com\/en\/auction\/151-anonyme-plateau-rond-en-argent\/","title":{"rendered":"151 (Anonyme) \u2013 Plateau rond en argent"},"content":{"rendered":"<p>Plateau rond en argent, 19e-20e si\u00e8cle, \u00e0 bord chantourn\u00e9 de style Louis XV, reposant sur un fond uni. Rayures d\u2019usage visibles, 45 x 34 cm, 965 g<\/p>","protected":false},"excerpt":{"rendered":"<p>(Anonyme) \u2013 Plateau rond en argent<\/p>","protected":false},"featured_media":4918,"template":"","meta":{"_acf_changed":false,"inline_featured_image":false},"online_sale":[55],"product_brand":[],"product_cat":[18],"product_tag":[],"class_list":{"0":"post-5300","1":"product","2":"type-product","3":"status-publish","4":"has-post-thumbnail","6":"online_sale-juin-2025","7":"product_cat-non-classe","9":"first","10":"instock","11":"shipping-taxable","12":"purchasable","13":"product-type-auction"},"acf":[],"_links":{"self":[{"href":"https:\/\/letempsjadisauction.com\/en\/wp-json\/wp\/v2\/product\/5300","targetHints":{"allow":["GET"]}}],"collection":[{"href":"https:\/\/letempsjadisauction.com\/en\/wp-json\/wp\/v2\/product"}],"about":[{"href":"https:\/\/letempsjadisauction.com\/en\/wp-json\/wp\/v2\/types\/product"}],"wp:featuredmedia":[{"embeddable":true,"href":"https:\/\/letempsjadisauction.com\/en\/wp-json\/wp\/v2\/media\/4918"}],"wp:attachment":[{"href":"https:\/\/letempsjadisauction.com\/en\/wp-json\/wp\/v2\/media?parent=5300"}],"wp:term":[{"taxonomy":"online_sale","embeddable":true,"href":"https:\/\/letempsjadisauction.com\/en\/wp-json\/wp\/v2\/online_sale?post=5300"},{"taxonomy":"product_brand","embeddable":true,"href":"https:\/\/letempsjadisauction.com\/en\/wp-json\/wp\/v2\/product_brand?post=5300"},{"taxonomy":"product_cat","embeddable":true,"href":"https:\/\/letempsjadisauction.com\/en\/wp-json\/wp\/v2\/product_cat?post=5300"},{"taxonomy":"product_tag","embeddable":true,"href":"https:\/\/letempsjadisauction.com\/en\/wp-json\/wp\/v2\/product_tag?post=5300"}],"curies":[{"name":"wp","href":"https:\/\/api.w.org\/{rel}","templated":true}]}}