{"id":5319,"date":"2025-06-09T19:27:34","date_gmt":"2025-06-09T19:27:34","guid":{"rendered":"https:\/\/letempsjadisauction.com\/?post_type=product&#038;p=5319"},"modified":"2025-06-25T13:50:04","modified_gmt":"2025-06-25T13:50:04","slug":"170-gottlieb-flipper-shaq-attaq-1995-2","status":"publish","type":"product","link":"https:\/\/letempsjadisauction.com\/en\/auction\/170-gottlieb-flipper-shaq-attaq-1995-2\/","title":{"rendered":"170 Gottlieb \u2013 Flipper \u00ab\u00a0Shaq Attaq\u00a0\u00bb, 1994"},"content":{"rendered":"<p>Flipper Gottlieb \u00ab\u00a0Shaq Attaq\u00a0\u00bb, 1994, mod\u00e8le DMD d\u00e9di\u00e9 \u00e0 Shaquille O&rsquo;Neal, caisse en m\u00e9tal peint et s\u00e9rigraphi\u00e9, plateau illustr\u00e9 de sc\u00e8nes de basketball, animations num\u00e9riques, effets sonores. Usures visibles \u00e0 la caisse, \u00e0 r\u00e9viser.<\/p>","protected":false},"excerpt":{"rendered":"<p>Gottlieb \u2013 Flipper \u00ab\u00a0Shaq Attaq\u00a0\u00bb, 1994<\/p>","protected":false},"featured_media":4963,"template":"","meta":{"_acf_changed":false,"inline_featured_image":false},"online_sale":[55],"product_brand":[],"product_cat":[18],"product_tag":[],"class_list":{"0":"post-5319","1":"product","2":"type-product","3":"status-publish","4":"has-post-thumbnail","6":"online_sale-juin-2025","7":"product_cat-non-classe","9":"first","10":"instock","11":"shipping-taxable","12":"purchasable","13":"product-type-auction"},"acf":[],"_links":{"self":[{"href":"https:\/\/letempsjadisauction.com\/en\/wp-json\/wp\/v2\/product\/5319","targetHints":{"allow":["GET"]}}],"collection":[{"href":"https:\/\/letempsjadisauction.com\/en\/wp-json\/wp\/v2\/product"}],"about":[{"href":"https:\/\/letempsjadisauction.com\/en\/wp-json\/wp\/v2\/types\/product"}],"wp:featuredmedia":[{"embeddable":true,"href":"https:\/\/letempsjadisauction.com\/en\/wp-json\/wp\/v2\/media\/4963"}],"wp:attachment":[{"href":"https:\/\/letempsjadisauction.com\/en\/wp-json\/wp\/v2\/media?parent=5319"}],"wp:term":[{"taxonomy":"online_sale","embeddable":true,"href":"https:\/\/letempsjadisauction.com\/en\/wp-json\/wp\/v2\/online_sale?post=5319"},{"taxonomy":"product_brand","embeddable":true,"href":"https:\/\/letempsjadisauction.com\/en\/wp-json\/wp\/v2\/product_brand?post=5319"},{"taxonomy":"product_cat","embeddable":true,"href":"https:\/\/letempsjadisauction.com\/en\/wp-json\/wp\/v2\/product_cat?post=5319"},{"taxonomy":"product_tag","embeddable":true,"href":"https:\/\/letempsjadisauction.com\/en\/wp-json\/wp\/v2\/product_tag?post=5319"}],"curies":[{"name":"wp","href":"https:\/\/api.w.org\/{rel}","templated":true}]}}