{"id":6134,"date":"2025-07-16T11:03:50","date_gmt":"2025-07-16T11:03:50","guid":{"rendered":"https:\/\/letempsjadisauction.com\/?post_type=product&#038;p=6134"},"modified":"2025-07-30T10:08:02","modified_gmt":"2025-07-30T10:08:02","slug":"5-a-callara-presse-papiers-bandes-bleues-irisees","status":"publish","type":"product","link":"https:\/\/letempsjadisauction.com\/en\/enchere\/5-a-callara-presse-papiers-bandes-bleues-irisees\/","title":{"rendered":"5-A. Callara \u2013 Presse-papiers bandes bleues iris\u00e9es"},"content":{"rendered":"<p>Presse-papiers en verre souffl\u00e9 \u00e0 bandes noires anthracites et bleues iris\u00e9es, sign\u00e9 A. Callara, dat\u00e9e 1998 et \u00e9tiquette \u00ab\u202fAC \u2013 Pi\u00e8ce unique \u2013 Fait main\u202f\u00bb, 9,5 x 7 cm<\/p>","protected":false},"excerpt":{"rendered":"<p>A. Callara \u2013 Presse-papiers bandes bleues iris\u00e9es<\/p>","protected":false},"featured_media":5689,"template":"","meta":{"_acf_changed":false,"inline_featured_image":false},"online_sale":[58],"product_brand":[],"product_cat":[18],"product_tag":[],"class_list":{"0":"post-6134","1":"product","2":"type-product","3":"status-publish","4":"has-post-thumbnail","6":"online_sale-juillet-2025","7":"product_cat-non-classe","9":"first","10":"instock","11":"shipping-taxable","12":"purchasable","13":"product-type-auction"},"acf":[],"_links":{"self":[{"href":"https:\/\/letempsjadisauction.com\/en\/wp-json\/wp\/v2\/product\/6134","targetHints":{"allow":["GET"]}}],"collection":[{"href":"https:\/\/letempsjadisauction.com\/en\/wp-json\/wp\/v2\/product"}],"about":[{"href":"https:\/\/letempsjadisauction.com\/en\/wp-json\/wp\/v2\/types\/product"}],"wp:featuredmedia":[{"embeddable":true,"href":"https:\/\/letempsjadisauction.com\/en\/wp-json\/wp\/v2\/media\/5689"}],"wp:attachment":[{"href":"https:\/\/letempsjadisauction.com\/en\/wp-json\/wp\/v2\/media?parent=6134"}],"wp:term":[{"taxonomy":"online_sale","embeddable":true,"href":"https:\/\/letempsjadisauction.com\/en\/wp-json\/wp\/v2\/online_sale?post=6134"},{"taxonomy":"product_brand","embeddable":true,"href":"https:\/\/letempsjadisauction.com\/en\/wp-json\/wp\/v2\/product_brand?post=6134"},{"taxonomy":"product_cat","embeddable":true,"href":"https:\/\/letempsjadisauction.com\/en\/wp-json\/wp\/v2\/product_cat?post=6134"},{"taxonomy":"product_tag","embeddable":true,"href":"https:\/\/letempsjadisauction.com\/en\/wp-json\/wp\/v2\/product_tag?post=6134"}],"curies":[{"name":"wp","href":"https:\/\/api.w.org\/{rel}","templated":true}]}}