{"id":6135,"date":"2025-07-16T11:03:50","date_gmt":"2025-07-16T11:03:50","guid":{"rendered":"https:\/\/letempsjadisauction.com\/?post_type=product&#038;p=6135"},"modified":"2025-07-16T11:03:50","modified_gmt":"2025-07-16T11:03:50","slug":"6-peter-holmes-presse-papiers-dome-rouge-caithness","status":"publish","type":"product","link":"https:\/\/letempsjadisauction.com\/en\/auction\/6-peter-holmes-presse-papiers-dome-rouge-caithness\/","title":{"rendered":"6-Peter Holmes \u2013 Presse-papiers d\u00f4me rouge Caithness"},"content":{"rendered":"<p>Peter Holmes, Presse-papiers en verre clair, \u00e0 d\u00e9cor central rouge en forme de d\u00f4me, orn\u00e9 de bulles dispos\u00e9es \u00e0 la mani\u00e8re d\u2019une couronne, signature grav\u00e9e, 518\/1000, CT\/PH 1974 FIRE pour Caithness Glass\/Peter Holmes, 7,5 x 6 cm<\/p>","protected":false},"excerpt":{"rendered":"<p>Peter Holmes \u2013 Presse-papiers d\u00f4me rouge Caithness<\/p>","protected":false},"featured_media":5691,"template":"","meta":{"_acf_changed":false,"inline_featured_image":false},"online_sale":[58],"product_brand":[],"product_cat":[18],"product_tag":[],"class_list":{"0":"post-6135","1":"product","2":"type-product","3":"status-publish","4":"has-post-thumbnail","6":"online_sale-juillet-2025","7":"product_cat-non-classe","9":"first","10":"instock","11":"shipping-taxable","12":"purchasable","13":"product-type-auction"},"acf":[],"_links":{"self":[{"href":"https:\/\/letempsjadisauction.com\/en\/wp-json\/wp\/v2\/product\/6135","targetHints":{"allow":["GET"]}}],"collection":[{"href":"https:\/\/letempsjadisauction.com\/en\/wp-json\/wp\/v2\/product"}],"about":[{"href":"https:\/\/letempsjadisauction.com\/en\/wp-json\/wp\/v2\/types\/product"}],"wp:featuredmedia":[{"embeddable":true,"href":"https:\/\/letempsjadisauction.com\/en\/wp-json\/wp\/v2\/media\/5691"}],"wp:attachment":[{"href":"https:\/\/letempsjadisauction.com\/en\/wp-json\/wp\/v2\/media?parent=6135"}],"wp:term":[{"taxonomy":"online_sale","embeddable":true,"href":"https:\/\/letempsjadisauction.com\/en\/wp-json\/wp\/v2\/online_sale?post=6135"},{"taxonomy":"product_brand","embeddable":true,"href":"https:\/\/letempsjadisauction.com\/en\/wp-json\/wp\/v2\/product_brand?post=6135"},{"taxonomy":"product_cat","embeddable":true,"href":"https:\/\/letempsjadisauction.com\/en\/wp-json\/wp\/v2\/product_cat?post=6135"},{"taxonomy":"product_tag","embeddable":true,"href":"https:\/\/letempsjadisauction.com\/en\/wp-json\/wp\/v2\/product_tag?post=6135"}],"curies":[{"name":"wp","href":"https:\/\/api.w.org\/{rel}","templated":true}]}}