{"id":6137,"date":"2025-07-16T11:03:53","date_gmt":"2025-07-16T11:03:53","guid":{"rendered":"https:\/\/letempsjadisauction.com\/?post_type=product&#038;p=6137"},"modified":"2025-07-30T10:14:11","modified_gmt":"2025-07-30T10:14:11","slug":"8-presse-papiers-trainees-multicolores","status":"publish","type":"product","link":"https:\/\/letempsjadisauction.com\/en\/auction\/8-presse-papiers-trainees-multicolores\/","title":{"rendered":"8-Presse-papiers tra\u00een\u00e9es multicolores"},"content":{"rendered":"<p>Petit presse-papiers en verre clair, orn\u00e9 de tra\u00een\u00e9es multicolores en inclusion, aux reflets bleus, rouges, jaunes et noirs, sans marque, 6 x 3,5 cm.<\/p>","protected":false},"excerpt":{"rendered":"<p>Presse-papiers tra\u00een\u00e9es multicolores<\/p>","protected":false},"featured_media":5695,"template":"","meta":{"_acf_changed":false,"inline_featured_image":false},"online_sale":[58],"product_brand":[],"product_cat":[18],"product_tag":[],"class_list":{"0":"post-6137","1":"product","2":"type-product","3":"status-publish","4":"has-post-thumbnail","6":"online_sale-juillet-2025","7":"product_cat-non-classe","9":"first","10":"instock","11":"shipping-taxable","12":"purchasable","13":"product-type-auction"},"acf":[],"_links":{"self":[{"href":"https:\/\/letempsjadisauction.com\/en\/wp-json\/wp\/v2\/product\/6137","targetHints":{"allow":["GET"]}}],"collection":[{"href":"https:\/\/letempsjadisauction.com\/en\/wp-json\/wp\/v2\/product"}],"about":[{"href":"https:\/\/letempsjadisauction.com\/en\/wp-json\/wp\/v2\/types\/product"}],"wp:featuredmedia":[{"embeddable":true,"href":"https:\/\/letempsjadisauction.com\/en\/wp-json\/wp\/v2\/media\/5695"}],"wp:attachment":[{"href":"https:\/\/letempsjadisauction.com\/en\/wp-json\/wp\/v2\/media?parent=6137"}],"wp:term":[{"taxonomy":"online_sale","embeddable":true,"href":"https:\/\/letempsjadisauction.com\/en\/wp-json\/wp\/v2\/online_sale?post=6137"},{"taxonomy":"product_brand","embeddable":true,"href":"https:\/\/letempsjadisauction.com\/en\/wp-json\/wp\/v2\/product_brand?post=6137"},{"taxonomy":"product_cat","embeddable":true,"href":"https:\/\/letempsjadisauction.com\/en\/wp-json\/wp\/v2\/product_cat?post=6137"},{"taxonomy":"product_tag","embeddable":true,"href":"https:\/\/letempsjadisauction.com\/en\/wp-json\/wp\/v2\/product_tag?post=6137"}],"curies":[{"name":"wp","href":"https:\/\/api.w.org\/{rel}","templated":true}]}}