{"id":6141,"date":"2025-07-16T11:03:52","date_gmt":"2025-07-16T11:03:52","guid":{"rendered":"https:\/\/letempsjadisauction.com\/?post_type=product&#038;p=6141"},"modified":"2025-07-30T10:22:01","modified_gmt":"2025-07-30T10:22:01","slug":"12-selkirk-nomad","status":"publish","type":"product","link":"https:\/\/letempsjadisauction.com\/en\/enchere\/12-selkirk-nomad\/","title":{"rendered":"12-Selkirk \u2013 Nomad"},"content":{"rendered":"<p>Presse-papiers en verre clair, \u00e0 base noire incrust\u00e9e d\u2019une train\u00e9e cuivr\u00e9e, rehauss\u00e9 d\u2019un motif spiral\u00e9 central noir et blanc et ponctu\u00e9 de bulles d\u2019air, Selkirk Glass Scotland nomad 274\/500, dat\u00e9 1998, 8 x 7 cm<\/p>","protected":false},"excerpt":{"rendered":"<p>Selkirk \u2013 Nomad<\/p>","protected":false},"featured_media":5703,"template":"","meta":{"_acf_changed":false,"inline_featured_image":false},"online_sale":[58],"product_brand":[],"product_cat":[18],"product_tag":[],"class_list":{"0":"post-6141","1":"product","2":"type-product","3":"status-publish","4":"has-post-thumbnail","6":"online_sale-juillet-2025","7":"product_cat-non-classe","9":"first","10":"instock","11":"shipping-taxable","12":"purchasable","13":"product-type-auction"},"acf":[],"_links":{"self":[{"href":"https:\/\/letempsjadisauction.com\/en\/wp-json\/wp\/v2\/product\/6141","targetHints":{"allow":["GET"]}}],"collection":[{"href":"https:\/\/letempsjadisauction.com\/en\/wp-json\/wp\/v2\/product"}],"about":[{"href":"https:\/\/letempsjadisauction.com\/en\/wp-json\/wp\/v2\/types\/product"}],"wp:featuredmedia":[{"embeddable":true,"href":"https:\/\/letempsjadisauction.com\/en\/wp-json\/wp\/v2\/media\/5703"}],"wp:attachment":[{"href":"https:\/\/letempsjadisauction.com\/en\/wp-json\/wp\/v2\/media?parent=6141"}],"wp:term":[{"taxonomy":"online_sale","embeddable":true,"href":"https:\/\/letempsjadisauction.com\/en\/wp-json\/wp\/v2\/online_sale?post=6141"},{"taxonomy":"product_brand","embeddable":true,"href":"https:\/\/letempsjadisauction.com\/en\/wp-json\/wp\/v2\/product_brand?post=6141"},{"taxonomy":"product_cat","embeddable":true,"href":"https:\/\/letempsjadisauction.com\/en\/wp-json\/wp\/v2\/product_cat?post=6141"},{"taxonomy":"product_tag","embeddable":true,"href":"https:\/\/letempsjadisauction.com\/en\/wp-json\/wp\/v2\/product_tag?post=6141"}],"curies":[{"name":"wp","href":"https:\/\/api.w.org\/{rel}","templated":true}]}}