{"id":6142,"date":"2025-07-16T11:03:51","date_gmt":"2025-07-16T11:03:51","guid":{"rendered":"https:\/\/letempsjadisauction.com\/?post_type=product&#038;p=6142"},"modified":"2025-07-30T10:24:01","modified_gmt":"2025-07-30T10:24:01","slug":"13-leixus-vinstapol-goutte-inclusions-bleue-et-verte","status":"publish","type":"product","link":"https:\/\/letempsjadisauction.com\/en\/auction\/13-leixus-vinstapol-goutte-inclusions-bleue-et-verte\/","title":{"rendered":"13-Leixus Vinstapol \u2013 Goutte inclusions bleue et verte"},"content":{"rendered":"<p>Presse-papiers en forme de goutte, en verre givr\u00e9, orn\u00e9 de deux inclusions color\u00e9es bleue et verte en forme de flammes. \u00c9tiquette \u00ab\u202fCristal Leixus fait main\u00bb appos\u00e9e \u00e0 la base, marque Leixus Vinstapol, 5 x 6 cm<\/p>","protected":false},"excerpt":{"rendered":"<p>Leixus Vinstapol \u2013 Goutte inclusions bleue et verte<\/p>","protected":false},"featured_media":5704,"template":"","meta":{"_acf_changed":false,"inline_featured_image":false},"online_sale":[58],"product_brand":[],"product_cat":[18],"product_tag":[],"class_list":{"0":"post-6142","1":"product","2":"type-product","3":"status-publish","4":"has-post-thumbnail","6":"online_sale-juillet-2025","7":"product_cat-non-classe","9":"first","10":"instock","11":"shipping-taxable","12":"purchasable","13":"product-type-auction"},"acf":[],"_links":{"self":[{"href":"https:\/\/letempsjadisauction.com\/en\/wp-json\/wp\/v2\/product\/6142","targetHints":{"allow":["GET"]}}],"collection":[{"href":"https:\/\/letempsjadisauction.com\/en\/wp-json\/wp\/v2\/product"}],"about":[{"href":"https:\/\/letempsjadisauction.com\/en\/wp-json\/wp\/v2\/types\/product"}],"wp:featuredmedia":[{"embeddable":true,"href":"https:\/\/letempsjadisauction.com\/en\/wp-json\/wp\/v2\/media\/5704"}],"wp:attachment":[{"href":"https:\/\/letempsjadisauction.com\/en\/wp-json\/wp\/v2\/media?parent=6142"}],"wp:term":[{"taxonomy":"online_sale","embeddable":true,"href":"https:\/\/letempsjadisauction.com\/en\/wp-json\/wp\/v2\/online_sale?post=6142"},{"taxonomy":"product_brand","embeddable":true,"href":"https:\/\/letempsjadisauction.com\/en\/wp-json\/wp\/v2\/product_brand?post=6142"},{"taxonomy":"product_cat","embeddable":true,"href":"https:\/\/letempsjadisauction.com\/en\/wp-json\/wp\/v2\/product_cat?post=6142"},{"taxonomy":"product_tag","embeddable":true,"href":"https:\/\/letempsjadisauction.com\/en\/wp-json\/wp\/v2\/product_tag?post=6142"}],"curies":[{"name":"wp","href":"https:\/\/api.w.org\/{rel}","templated":true}]}}