{"id":6143,"date":"2025-07-16T11:03:51","date_gmt":"2025-07-16T11:03:51","guid":{"rendered":"https:\/\/letempsjadisauction.com\/?post_type=product&#038;p=6143"},"modified":"2025-07-30T05:39:31","modified_gmt":"2025-07-30T05:39:31","slug":"14-saint-louis-poisson-stylise-bleu","status":"publish","type":"product","link":"https:\/\/letempsjadisauction.com\/en\/auction\/14-saint-louis-poisson-stylise-bleu\/","title":{"rendered":"14-Saint-Louis \u2013 Poisson stylis\u00e9 bleu"},"content":{"rendered":"<p>Cristalerie Saint-Louis, presse-papiers en verre clair repr\u00e9sentant un poisson stylis\u00e9 en inclusion, aux nageoires blanches et au corps bleu d\u00e9cor\u00e9 de motifs floraux, nageant au-dessus d\u2019un fond parsem\u00e9 d\u2019\u00e9clats bleus, sign\u00e9 cristal Saint Louis France, 7,<\/p>","protected":false},"excerpt":{"rendered":"<p>Saint-Louis \u2013 Poisson stylis\u00e9 bleu<\/p>","protected":false},"featured_media":5707,"template":"","meta":{"_acf_changed":false,"inline_featured_image":false},"online_sale":[58],"product_brand":[],"product_cat":[18],"product_tag":[],"class_list":{"0":"post-6143","1":"product","2":"type-product","3":"status-publish","4":"has-post-thumbnail","6":"online_sale-juillet-2025","7":"product_cat-non-classe","9":"first","10":"instock","11":"shipping-taxable","12":"purchasable","13":"product-type-auction"},"acf":[],"_links":{"self":[{"href":"https:\/\/letempsjadisauction.com\/en\/wp-json\/wp\/v2\/product\/6143","targetHints":{"allow":["GET"]}}],"collection":[{"href":"https:\/\/letempsjadisauction.com\/en\/wp-json\/wp\/v2\/product"}],"about":[{"href":"https:\/\/letempsjadisauction.com\/en\/wp-json\/wp\/v2\/types\/product"}],"wp:featuredmedia":[{"embeddable":true,"href":"https:\/\/letempsjadisauction.com\/en\/wp-json\/wp\/v2\/media\/5707"}],"wp:attachment":[{"href":"https:\/\/letempsjadisauction.com\/en\/wp-json\/wp\/v2\/media?parent=6143"}],"wp:term":[{"taxonomy":"online_sale","embeddable":true,"href":"https:\/\/letempsjadisauction.com\/en\/wp-json\/wp\/v2\/online_sale?post=6143"},{"taxonomy":"product_brand","embeddable":true,"href":"https:\/\/letempsjadisauction.com\/en\/wp-json\/wp\/v2\/product_brand?post=6143"},{"taxonomy":"product_cat","embeddable":true,"href":"https:\/\/letempsjadisauction.com\/en\/wp-json\/wp\/v2\/product_cat?post=6143"},{"taxonomy":"product_tag","embeddable":true,"href":"https:\/\/letempsjadisauction.com\/en\/wp-json\/wp\/v2\/product_tag?post=6143"}],"curies":[{"name":"wp","href":"https:\/\/api.w.org\/{rel}","templated":true}]}}