{"id":6146,"date":"2025-07-16T11:03:54","date_gmt":"2025-07-16T11:03:54","guid":{"rendered":"https:\/\/letempsjadisauction.com\/?post_type=product&#038;p=6146"},"modified":"2025-07-29T19:15:34","modified_gmt":"2025-07-29T19:15:34","slug":"17-presse-papiers-etoile-rouge-cordon-torsade","status":"publish","type":"product","link":"https:\/\/letempsjadisauction.com\/en\/auction\/17-presse-papiers-etoile-rouge-cordon-torsade\/","title":{"rendered":"17-Presse-papiers \u00e9toile rouge cordon torsad\u00e9"},"content":{"rendered":"<p>Presse-papiers en verre clair, \u00e0 d\u00e9cor central en forme d\u2019\u00e9toile rouge sur fond blanc, bord\u00e9 d\u2019un cordon torsad\u00e9 multicolore, 8 x 5,5 cm, \u00e9tat\u00a0: griffes<\/p>","protected":false},"excerpt":{"rendered":"<p>Presse-papiers \u00e9toile rouge cordon torsad\u00e9<\/p>","protected":false},"featured_media":5713,"template":"","meta":{"_acf_changed":false,"inline_featured_image":false},"online_sale":[58],"product_brand":[],"product_cat":[18],"product_tag":[],"class_list":{"0":"post-6146","1":"product","2":"type-product","3":"status-publish","4":"has-post-thumbnail","6":"online_sale-juillet-2025","7":"product_cat-non-classe","9":"first","10":"instock","11":"shipping-taxable","12":"purchasable","13":"product-type-auction"},"acf":[],"_links":{"self":[{"href":"https:\/\/letempsjadisauction.com\/en\/wp-json\/wp\/v2\/product\/6146","targetHints":{"allow":["GET"]}}],"collection":[{"href":"https:\/\/letempsjadisauction.com\/en\/wp-json\/wp\/v2\/product"}],"about":[{"href":"https:\/\/letempsjadisauction.com\/en\/wp-json\/wp\/v2\/types\/product"}],"wp:featuredmedia":[{"embeddable":true,"href":"https:\/\/letempsjadisauction.com\/en\/wp-json\/wp\/v2\/media\/5713"}],"wp:attachment":[{"href":"https:\/\/letempsjadisauction.com\/en\/wp-json\/wp\/v2\/media?parent=6146"}],"wp:term":[{"taxonomy":"online_sale","embeddable":true,"href":"https:\/\/letempsjadisauction.com\/en\/wp-json\/wp\/v2\/online_sale?post=6146"},{"taxonomy":"product_brand","embeddable":true,"href":"https:\/\/letempsjadisauction.com\/en\/wp-json\/wp\/v2\/product_brand?post=6146"},{"taxonomy":"product_cat","embeddable":true,"href":"https:\/\/letempsjadisauction.com\/en\/wp-json\/wp\/v2\/product_cat?post=6146"},{"taxonomy":"product_tag","embeddable":true,"href":"https:\/\/letempsjadisauction.com\/en\/wp-json\/wp\/v2\/product_tag?post=6146"}],"curies":[{"name":"wp","href":"https:\/\/api.w.org\/{rel}","templated":true}]}}